{"id":275,"date":"2018-05-30T21:22:47","date_gmt":"2018-05-30T19:22:47","guid":{"rendered":"https:\/\/netfile-solution.eu:444\/netfile-solution-wp\/?page_id=275"},"modified":"2021-04-10T21:11:52","modified_gmt":"2021-04-10T19:11:52","slug":"netfile-exchange-e-mil","status":"publish","type":"page","link":"https:\/\/netfile-solution.eu\/netfile-solution-wp\/netfile-exchange-e-mil\/","title":{"rendered":"NetFile-Exchange-E-M@il"},"content":{"rendered":"<h1>Gute und kostenlose E-M@ilanbieter&#8230;<\/h1>\n<p>&#8230;gibt es viele. Der Unterschied bei diesen Anbieter liegt im Umfang der Funktionen, Speicherplatz und mit der Tatsache, was mit Ihren Daten geschieht!<\/p>\n<p>Wo werden Ihre Daten gespeichert? In den USA? In der EU oder in DE? Werden ggf. Ihre Daten f\u00fcr Werbema\u00dfnahme benutzt, wo Sie mit Ihrer Anmeldung u. Best\u00e4tigung der AGBs dieser Werbema\u00dfnahme ausdr\u00fccklich zugestimmt haben?<\/p>\n<p>Weiterhin gibt es nur sehr wenige Anbieter, die kostenlos ein &#8222;Exchange-Postfach&#8220; mit vollen Funktionsumfang anbieten. Hier gibt es nur drei Ausnahmen: &#8222;Google, Microsoft u. Apple&#8220;. Hier werden jedoch Ihre Daten meistens in den USA gespeichert und Ihre Daten analysiert f\u00fcr weitere Ma\u00dfnahmen. Zugleich sind Sie an Software dieser drei gro\u00dfen Anbieter gebunden, um den Funktionsumfang voll nutzen zu k\u00f6nnen.<\/p>\n<p><strong>Alles das sind \u00dcberlegungen, die Sie bei der Entscheidung<br \/>\n<\/strong><\/p>\n<p><strong>f\u00fcr und gegen einen Mailanbieter in betracht ziehen sollten!<\/strong><\/p>\n<p>Bei NetFile-M@il k\u00f6nnen Sie sich sichern sein, Ihr Datenschutz steht f\u00fcr uns an erster Stelle. So werden Ihre Daten ausschlie\u00dflich in DE-47495 Rheinberg gespeichert und f\u00fcr keine Werbema\u00dfnahmen analysiert. Ausserden erhalten Sie bei unserem &#8222;Mail-Accout&#8220; ein volles &#8222;Exchnage-Postfach&#8220; mit vollen Funktionsumfang, mit:<\/p>\n<ul>\n<li>Eigener E-M@iladrese z.B. Hans.Mustermann@Mail.NetFile-Solution.eu &#8222;Umfangreiche Mailverwaltung mit Wiedervorlage u. Kategorien&#8220;<\/li>\n<li>Kalender &#8222;Verwalten Sie Ihre Termine in verschiedenen Kalendern und geben Sie diese bei Bedarf frei&#8220;<\/li>\n<li>Kontakte &#8222;Verwalten Sie Ihre Kontakte und Kontaktgruppen&#8220;<\/li>\n<li>Aufgaben &#8222;Verwalten Sie Ihre t\u00e4glichen Aufgaben&#8220;<\/li>\n<\/ul>\n<p>Halten Sie Ihre E-M@ils, Kalender, Kontakte und Aufgaben auf Ihrem PC und Mobilger\u00e4ten syncron&#8230;! Betriebssystem unabh\u00e4nging, geeignet f\u00fcr die Plattformen:<\/p>\n<ul>\n<li>Windows<\/li>\n<li>Linux<\/li>\n<li>Android<\/li>\n<li>Appel-IOS \/ MAC-OS<\/li>\n<\/ul>\n<p>Bei unserem &#8222;Exchnage-Account&#8220; erhalten Sie sofort 3 GB Speicherplatz und zus\u00e4tzlich Hilfe und pers\u00f6nliche Betreuung bei der Einrichtung Ihres Mailclient, egal auf welchen Ger\u00e4ten Sie diese verwenden.<\/p>\n<p>Zus\u00e4tzlich k\u00f6nnen Sie auf Wunsch Ihre alte Mailadresse mitbringen. Haben Sie z.B. eine eigene Domaine, wie Hans.Mustermann@Mustermann.de, k\u00f6nnen wir diese fest in Ihren &#8222;Exchnage-Account&#8220; \u00fcbernehmen und Sie genie\u00dfen die Vorz\u00fcge eines echten &#8222;Exchnage-Postfaches&#8220;. Diesen Funktionsumfang und Service erhalten Sie schon ab 4,99 \u20ac je Monat.<\/p>\n<p>Dieser Service ist vor allem f\u00fcr Kleinunternehmen dann sinnvoll, wenn es um Teamarbeit geht. Die Anschaffung eines eigenen Exchange-Server mit Hardware und Software-Lizenzen lohnt meist nicht oder sind einfach zu kostenintensiv.<\/p>\n<p>Mieten Sie sich einfach ein St\u00fcck Infrastruktur von NetFile-Solution inkl. Betreuung. Wir beraten Sie gerne und machen Ihnen sicherlich ein faires Angebot.<\/p>\n<div class=\"shariff shariff-align-center shariff-widget-align-center\"><div class=\"ShariffHeadline\">Teilen Sie diesen Beitrag (Shariff sch\u00fctzt Ihre Privatsph\u00e4re in sinne der DSVGO):<\/div><ul class=\"shariff-buttons theme-round orientation-horizontal buttonsize-medium\"><li class=\"shariff-button mastodon shariff-nocustomcolor\" style=\"background-color:#563ACC\"><a href=\"https:\/\/s2f.kytta.dev\/?text=NetFile-Exchange-E-M%40il https%3A%2F%2Fnetfile-solution.eu%2Fnetfile-solution-wp%2Fnetfile-exchange-e-mil%2F\" title=\"Bei Mastodon teilen\" aria-label=\"Bei Mastodon teilen\" role=\"button\" rel=\"noopener nofollow\" class=\"shariff-link\" style=\"; background-color:#6364FF; color:#fff\" target=\"_blank\"><span class=\"shariff-icon\" style=\"\"><svg width=\"75\" height=\"79\" viewBox=\"0 0 75 79\" fill=\"none\" xmlns=\"http:\/\/www.w3.org\/2000\/svg\"><path d=\"M37.813-.025C32.462-.058 27.114.13 21.79.598c-8.544.621-17.214 5.58-20.203 13.931C-1.12 23.318.408 32.622.465 41.65c.375 7.316.943 14.78 3.392 21.73 4.365 9.465 14.781 14.537 24.782 15.385 7.64.698 15.761-.213 22.517-4.026a54.1 54.1 0 0 0 .01-6.232c-6.855 1.316-14.101 2.609-21.049 1.074-3.883-.88-6.876-4.237-7.25-8.215-1.53-3.988 3.78-.43 5.584-.883 9.048 1.224 18.282.776 27.303-.462 7.044-.837 14.26-4.788 16.65-11.833 2.263-6.135 1.215-12.79 1.698-19.177.06-3.84.09-7.692-.262-11.52C72.596 7.844 63.223.981 53.834.684a219.453 219.453 0 0 0-16.022-.71zm11.294 12.882c5.5-.067 10.801 4.143 11.67 9.653.338 1.48.471 3 .471 4.515v21.088h-8.357c-.07-7.588.153-15.182-.131-22.765-.587-4.368-7.04-5.747-9.672-2.397-2.422 3.04-1.47 7.155-1.67 10.735v6.392h-8.307c-.146-4.996.359-10.045-.404-15.002-1.108-4.218-7.809-5.565-10.094-1.666-1.685 3.046-.712 6.634-.976 9.936v14.767h-8.354c.109-8.165-.238-16.344.215-24.5.674-5.346 5.095-10.389 10.676-10.627 4.902-.739 10.103 2.038 12.053 6.631.375 1.435 1.76 1.932 1.994.084 1.844-3.704 5.501-6.739 9.785-6.771.367-.044.735-.068 1.101-.073z\"\/><defs><linearGradient id=\"paint0_linear_549_34\" x1=\"37.0692\" y1=\"0\" x2=\"37.0692\" y2=\"79\" gradientUnits=\"userSpaceOnUse\"><stop stop-color=\"#6364FF\"\/><stop offset=\"1\" stop-color=\"#563ACC\"\/><\/linearGradient><\/defs><\/svg><\/span><\/a><\/li><li class=\"shariff-button facebook shariff-nocustomcolor\" style=\"background-color:#4273c8\"><a href=\"https:\/\/www.facebook.com\/sharer\/sharer.php?u=https%3A%2F%2Fnetfile-solution.eu%2Fnetfile-solution-wp%2Fnetfile-exchange-e-mil%2F\" title=\"Bei Facebook teilen\" aria-label=\"Bei Facebook teilen\" role=\"button\" rel=\"nofollow\" class=\"shariff-link\" style=\"; background-color:#3b5998; color:#fff\" target=\"_blank\"><span class=\"shariff-icon\" style=\"\"><svg width=\"32px\" height=\"20px\" xmlns=\"http:\/\/www.w3.org\/2000\/svg\" viewBox=\"0 0 18 32\"><path fill=\"#3b5998\" d=\"M17.1 0.2v4.7h-2.8q-1.5 0-2.1 0.6t-0.5 1.9v3.4h5.2l-0.7 5.3h-4.5v13.6h-5.5v-13.6h-4.5v-5.3h4.5v-3.9q0-3.3 1.9-5.2t5-1.8q2.6 0 4.1 0.2z\"\/><\/svg><\/span><\/a><\/li><li class=\"shariff-button linkedin shariff-nocustomcolor\" style=\"background-color:#1488bf\"><a href=\"https:\/\/www.linkedin.com\/sharing\/share-offsite\/?url=https%3A%2F%2Fnetfile-solution.eu%2Fnetfile-solution-wp%2Fnetfile-exchange-e-mil%2F\" title=\"Bei LinkedIn teilen\" aria-label=\"Bei LinkedIn teilen\" role=\"button\" rel=\"noopener nofollow\" class=\"shariff-link\" style=\"; background-color:#0077b5; color:#fff\" target=\"_blank\"><span class=\"shariff-icon\" style=\"\"><svg width=\"32px\" height=\"20px\" xmlns=\"http:\/\/www.w3.org\/2000\/svg\" viewBox=\"0 0 27 32\"><path fill=\"#0077b5\" d=\"M6.2 11.2v17.7h-5.9v-17.7h5.9zM6.6 5.7q0 1.3-0.9 2.2t-2.4 0.9h0q-1.5 0-2.4-0.9t-0.9-2.2 0.9-2.2 2.4-0.9 2.4 0.9 0.9 2.2zM27.4 18.7v10.1h-5.9v-9.5q0-1.9-0.7-2.9t-2.3-1.1q-1.1 0-1.9 0.6t-1.2 1.5q-0.2 0.5-0.2 1.4v9.9h-5.9q0-7.1 0-11.6t0-5.3l0-0.9h5.9v2.6h0q0.4-0.6 0.7-1t1-0.9 1.6-0.8 2-0.3q3 0 4.9 2t1.9 6z\"\/><\/svg><\/span><\/a><\/li><li class=\"shariff-button info shariff-nocustomcolor\" style=\"background-color:#eee\"><a href=\"http:\/\/ct.de\/-2467514\" title=\"Weitere Informationen\" aria-label=\"Weitere Informationen\" role=\"button\" rel=\"noopener \" class=\"shariff-link\" style=\"; background-color:#fff; color:#fff\" target=\"_blank\"><span class=\"shariff-icon\" style=\"\"><svg width=\"32px\" height=\"20px\" xmlns=\"http:\/\/www.w3.org\/2000\/svg\" viewBox=\"0 0 11 32\"><path fill=\"#999\" d=\"M11.4 24v2.3q0 0.5-0.3 0.8t-0.8 0.4h-9.1q-0.5 0-0.8-0.4t-0.4-0.8v-2.3q0-0.5 0.4-0.8t0.8-0.4h1.1v-6.8h-1.1q-0.5 0-0.8-0.4t-0.4-0.8v-2.3q0-0.5 0.4-0.8t0.8-0.4h6.8q0.5 0 0.8 0.4t0.4 0.8v10.3h1.1q0.5 0 0.8 0.4t0.3 0.8zM9.2 3.4v3.4q0 0.5-0.4 0.8t-0.8 0.4h-4.6q-0.4 0-0.8-0.4t-0.4-0.8v-3.4q0-0.4 0.4-0.8t0.8-0.4h4.6q0.5 0 0.8 0.4t0.4 0.8z\"\/><\/svg><\/span><\/a><\/li><\/ul><\/div>","protected":false},"excerpt":{"rendered":"<p>Gute und kostenlose E-M@ilanbieter&#8230; &#8230;gibt es viele. Der Unterschied bei diesen Anbieter liegt im Umfang der Funktionen, Speicherplatz und mit der Tatsache, was mit Ihren Daten geschieht! Wo werden Ihre Daten gespeichert? In den USA? In der EU oder in DE? Werden ggf. Ihre Daten f\u00fcr Werbema\u00dfnahme benutzt, wo Sie mit Ihrer Anmeldung u. Best\u00e4tigung &hellip; <\/p>\n<p class=\"link-more\"><a href=\"https:\/\/netfile-solution.eu\/netfile-solution-wp\/netfile-exchange-e-mil\/\" class=\"more-link\"><span class=\"screen-reader-text\">\u201eNetFile-Exchange-E-M@il\u201c <\/span>weiterlesen<\/a><\/p>\n","protected":false},"author":1,"featured_media":0,"parent":0,"menu_order":0,"comment_status":"closed","ping_status":"closed","template":"","meta":{"iawp_total_views":3,"footnotes":""},"class_list":["post-275","page","type-page","status-publish","hentry"],"_links":{"self":[{"href":"https:\/\/netfile-solution.eu\/netfile-solution-wp\/wp-json\/wp\/v2\/pages\/275","targetHints":{"allow":["GET"]}}],"collection":[{"href":"https:\/\/netfile-solution.eu\/netfile-solution-wp\/wp-json\/wp\/v2\/pages"}],"about":[{"href":"https:\/\/netfile-solution.eu\/netfile-solution-wp\/wp-json\/wp\/v2\/types\/page"}],"author":[{"embeddable":true,"href":"https:\/\/netfile-solution.eu\/netfile-solution-wp\/wp-json\/wp\/v2\/users\/1"}],"replies":[{"embeddable":true,"href":"https:\/\/netfile-solution.eu\/netfile-solution-wp\/wp-json\/wp\/v2\/comments?post=275"}],"version-history":[{"count":4,"href":"https:\/\/netfile-solution.eu\/netfile-solution-wp\/wp-json\/wp\/v2\/pages\/275\/revisions"}],"predecessor-version":[{"id":769,"href":"https:\/\/netfile-solution.eu\/netfile-solution-wp\/wp-json\/wp\/v2\/pages\/275\/revisions\/769"}],"wp:attachment":[{"href":"https:\/\/netfile-solution.eu\/netfile-solution-wp\/wp-json\/wp\/v2\/media?parent=275"}],"curies":[{"name":"wp","href":"https:\/\/api.w.org\/{rel}","templated":true}]}}