{"id":220,"date":"2018-05-30T18:11:51","date_gmt":"2018-05-30T16:11:51","guid":{"rendered":"https:\/\/netfile-solution.eu:444\/netfile-solution-wp\/?page_id=220"},"modified":"2023-03-13T11:00:28","modified_gmt":"2023-03-13T10:00:28","slug":"netfile-cloud","status":"publish","type":"page","link":"https:\/\/netfile-solution.eu\/netfile-solution-wp\/netfile-cloud\/","title":{"rendered":"NetFile-365"},"content":{"rendered":"\n<h1 class=\"wp-block-heading\">Was ist NetFile-365?<\/h1>\n\n\n\n<p>NetFile-365 ist ein alternativ-Produkt von NetFile-Solution als Ersatz f\u00fcr Microsoft-365. Dies besteht zu fast 100% aus einer Open-Source oder kostenloser Software-Sammlung und dessen Konfiguration und ist eine echte Alternative zu den kostenpflichtigen-Produkten von Microsoft. Einen Produktvergleich bzw. den Umfang zu NetFile-365 finden Sie<a href=\"https:\/\/netfile-solution.eu:444\/netfile-solution\/downloads\/NetFile-365-ein-Vergleich.pdf\" target=\"_blank\" rel=\"noreferrer noopener\"> &gt;&gt;&gt;hier&lt;&lt;&lt;<\/a>.<\/p>\n\n\n\n<p><strong>Der Fokus von NetFile-365 liegt auf den Punkten:<\/strong><\/p>\n\n\n\n<ul class=\"wp-block-list\">\n<li>Schutz Ihrer Digitalen-Souver\u00e4nit\u00e4t<\/li>\n\n\n\n<li>Kostenersparnis<\/li>\n\n\n\n<li>Pers\u00f6nlicher-Support<\/li>\n<\/ul>\n\n\n\n<p>Wenn Sie Ihren Fokus ebenfalls auf diese Punkte setzen, dann kann Ihnen NetFile-365 sicherlich viel Geld im Unternehmen sparen und die Digitalen-Souver\u00e4nit\u00e4t Ihres Unternehmen sch\u00fctzen.<\/p>\n\n\n\n<p><strong>Ist NetFile-365 besser als&#8230;?<\/strong><\/p>\n\n\n\n<p>Klare Antwort<strong> NEIN<\/strong>! Es gibt kein besser oder schlechter. Wir w\u00fcrden sagen anders&#8230; Mit NetFile-365 \u00e4ndern sich Ihre Workflows im Unternehmen nicht grunds\u00e4tzlich. Einiges wird einfacher, anderes werden Sie und Ihre Mitarbeiter vermissen. Was man sagen kann ist, dass der Einsatz von NetFile-365 Ver\u00e4nderungen mit sich bringt. Dies nicht zu betonen, w\u00e4re eine glatte L\u00fcge!<\/p>\n\n\n\n<p><strong>F\u00fcr welche Unternehmen ist NetFile-365 geeignet?<\/strong><\/p>\n\n\n\n<p>In ersten Linie f\u00fcr unsere Service-Vertragskunden, die wir auf Grund unseres Betreuungsauftrages generell betreuen. Ansonsten liegt der Kunden-Fokus auf Kleinst- und kleine Mittelst\u00e4ndische Unternehmen (KMU) bis ca. 100-150 Benutzern.<\/p>\n\n\n\n<p><strong>Welche Kostenersparnisse k\u00f6nnen erreicht werden?<\/strong><\/p>\n\n\n\n<p>Das ist sehr unterschiedlich, da die Anspr\u00fcche je Unternehmen sehr unterschiedlich sind, jedoch m\u00f6chten wir an Hand dieses Beispiel eines KMU aus unserem Kundenstamm, mit 20 Mitarbeitern Ihnen dieses Beispiel geben:<\/p>\n\n\n\n<ul class=\"wp-block-list\">\n<li>Kosten (Netto)  <strong>Microsoft-365<\/strong> je Benutzer im Monat in der E5-Plan-Leistung Ausf\u00fchrung = ca. 35 \u20ac x 12 Monate x 20 Benutzer = 8.400 \u20ac im Jahr.<\/li>\n\n\n\n<li>Kosten (Netto) <strong>NetFile-365<\/strong> je Benutzer im Monat mit vollen Leistungsumfang  = ca. 15 \u20ac  x 12 Monate x 20 Benutzer = ca. 3.600 \u20ac im Jahr.<\/li>\n<\/ul>\n\n\n\n<p><strong>Bei vielen unserer Kunden ist  NetFlle-365 bereits im vollen Leistungsumfang enthalten, so dass Ihnen keine weiteren Kosten monatlich entstehen!<\/strong><\/p>\n\n\n<p>\r\n\t\t\t\t\t\n\r\n\t\t\t\t\t<!-- START UNITE GALLERY 1.7.62 -->\r\n\t\t\t\t\t\r\n\t\t\t\t\n\t\t\t<div id='unitegallery_2_1' class='unite-gallery' style='margin:0px auto;'>\n\t\t\t\t\n\n\t\t\t\t\t\t<img alt=\"2023-03-13_103409\"\n\t\t\t\t\t\t     src=\"\" data-image=\"https:\/\/netfile-solution.eu\/netfile-solution-wp\/wp-content\/uploads\/2023\/03\/2023-03-13_103409.jpg\"\n\t\t\t\t\t\t     data-thumb=\"https:\/\/netfile-solution.eu\/netfile-solution-wp\/wp-content\/uploads\/2023\/03\/2023-03-13_103409-300x141.jpg\"\n\t\t\t\t\t\t     title=\"\"\n\t\t\t\t\t\t     style=\"display:none\">\n\n\t\t\t\t\t\t<img alt=\"2023-03-13_103435\"\n\t\t\t\t\t\t     src=\"\" data-image=\"https:\/\/netfile-solution.eu\/netfile-solution-wp\/wp-content\/uploads\/2023\/03\/2023-03-13_103435.jpg\"\n\t\t\t\t\t\t     data-thumb=\"https:\/\/netfile-solution.eu\/netfile-solution-wp\/wp-content\/uploads\/2023\/03\/2023-03-13_103435-300x140.jpg\"\n\t\t\t\t\t\t     title=\"\"\n\t\t\t\t\t\t     style=\"display:none\">\n\n\t\t\t\t\t\t<img alt=\"2023-03-13_103504\"\n\t\t\t\t\t\t     src=\"\" data-image=\"https:\/\/netfile-solution.eu\/netfile-solution-wp\/wp-content\/uploads\/2023\/03\/2023-03-13_103504.jpg\"\n\t\t\t\t\t\t     data-thumb=\"https:\/\/netfile-solution.eu\/netfile-solution-wp\/wp-content\/uploads\/2023\/03\/2023-03-13_103504-300x141.jpg\"\n\t\t\t\t\t\t     title=\"\"\n\t\t\t\t\t\t     style=\"display:none\">\n\n\t\t\t\t\t\t<img alt=\"2023-03-13_103535\"\n\t\t\t\t\t\t     src=\"\" data-image=\"https:\/\/netfile-solution.eu\/netfile-solution-wp\/wp-content\/uploads\/2023\/03\/2023-03-13_103535.jpg\"\n\t\t\t\t\t\t     data-thumb=\"https:\/\/netfile-solution.eu\/netfile-solution-wp\/wp-content\/uploads\/2023\/03\/2023-03-13_103535-300x141.jpg\"\n\t\t\t\t\t\t     title=\"\"\n\t\t\t\t\t\t     style=\"display:none\">\n\n\t\t\t\t\t\t<img alt=\"2023-03-13_103731\"\n\t\t\t\t\t\t     src=\"\" data-image=\"https:\/\/netfile-solution.eu\/netfile-solution-wp\/wp-content\/uploads\/2023\/03\/2023-03-13_103731.jpg\"\n\t\t\t\t\t\t     data-thumb=\"https:\/\/netfile-solution.eu\/netfile-solution-wp\/wp-content\/uploads\/2023\/03\/2023-03-13_103731-300x139.jpg\"\n\t\t\t\t\t\t     title=\"\"\n\t\t\t\t\t\t     style=\"display:none\">\n\n\t\t\t\t\t\t<img alt=\"2023-03-13_103754\"\n\t\t\t\t\t\t     src=\"\" data-image=\"https:\/\/netfile-solution.eu\/netfile-solution-wp\/wp-content\/uploads\/2023\/03\/2023-03-13_103754.jpg\"\n\t\t\t\t\t\t     data-thumb=\"https:\/\/netfile-solution.eu\/netfile-solution-wp\/wp-content\/uploads\/2023\/03\/2023-03-13_103754-300x136.jpg\"\n\t\t\t\t\t\t     title=\"\"\n\t\t\t\t\t\t     style=\"display:none\">\n\n\t\t\t\t\t\t<img alt=\"2023-03-13_103842\"\n\t\t\t\t\t\t     src=\"\" data-image=\"https:\/\/netfile-solution.eu\/netfile-solution-wp\/wp-content\/uploads\/2023\/03\/2023-03-13_103842.jpg\"\n\t\t\t\t\t\t     data-thumb=\"https:\/\/netfile-solution.eu\/netfile-solution-wp\/wp-content\/uploads\/2023\/03\/2023-03-13_103842-300x140.jpg\"\n\t\t\t\t\t\t     title=\"\"\n\t\t\t\t\t\t     style=\"display:none\">\n\n\t\t\t\t\t\t<img alt=\"2023-03-13_104005\"\n\t\t\t\t\t\t     src=\"\" data-image=\"https:\/\/netfile-solution.eu\/netfile-solution-wp\/wp-content\/uploads\/2023\/03\/2023-03-13_104005.jpg\"\n\t\t\t\t\t\t     data-thumb=\"https:\/\/netfile-solution.eu\/netfile-solution-wp\/wp-content\/uploads\/2023\/03\/2023-03-13_104005-300x141.jpg\"\n\t\t\t\t\t\t     title=\"\"\n\t\t\t\t\t\t     style=\"display:none\">\n\n\t\t\t\t\t\t<img alt=\"2023-03-13_104106\"\n\t\t\t\t\t\t     src=\"\" data-image=\"https:\/\/netfile-solution.eu\/netfile-solution-wp\/wp-content\/uploads\/2023\/03\/2023-03-13_104106.jpg\"\n\t\t\t\t\t\t     data-thumb=\"https:\/\/netfile-solution.eu\/netfile-solution-wp\/wp-content\/uploads\/2023\/03\/2023-03-13_104106-300x140.jpg\"\n\t\t\t\t\t\t     title=\"\"\n\t\t\t\t\t\t     style=\"display:none\">\n\n\t\t\t\t\t\t<img alt=\"2023-03-13_104241\"\n\t\t\t\t\t\t     src=\"\" data-image=\"https:\/\/netfile-solution.eu\/netfile-solution-wp\/wp-content\/uploads\/2023\/03\/2023-03-13_104241.jpg\"\n\t\t\t\t\t\t     data-thumb=\"https:\/\/netfile-solution.eu\/netfile-solution-wp\/wp-content\/uploads\/2023\/03\/2023-03-13_104241-300x140.jpg\"\n\t\t\t\t\t\t     title=\"\"\n\t\t\t\t\t\t     style=\"display:none\">\n\n\t\t\t\t\t\t<img alt=\"2023-03-13_104309\"\n\t\t\t\t\t\t     src=\"\" data-image=\"https:\/\/netfile-solution.eu\/netfile-solution-wp\/wp-content\/uploads\/2023\/03\/2023-03-13_104309.jpg\"\n\t\t\t\t\t\t     data-thumb=\"https:\/\/netfile-solution.eu\/netfile-solution-wp\/wp-content\/uploads\/2023\/03\/2023-03-13_104309-300x140.jpg\"\n\t\t\t\t\t\t     title=\"\"\n\t\t\t\t\t\t     style=\"display:none\">\n\n\t\t\t\t\t\t<img alt=\"2023-03-13_104338\"\n\t\t\t\t\t\t     src=\"\" data-image=\"https:\/\/netfile-solution.eu\/netfile-solution-wp\/wp-content\/uploads\/2023\/03\/2023-03-13_104338.jpg\"\n\t\t\t\t\t\t     data-thumb=\"https:\/\/netfile-solution.eu\/netfile-solution-wp\/wp-content\/uploads\/2023\/03\/2023-03-13_104338-300x141.jpg\"\n\t\t\t\t\t\t     title=\"\"\n\t\t\t\t\t\t     style=\"display:none\">\n\t\t\t<\/div>\n\n\t\t\t<script type='text\/javascript'>\n\t\t\t\twindow.onload = function(e) {\n\t\t\t\t\tif(typeof ugCheckForErrors == \"undefined\"){\n\t\t\t\t\t\tdocument.getElementById(\"unitegallery_2_1\").innerHTML = \"<span style='color:red'>Unite Gallery Error - gallery js and css files not included in the footer. Please make sure that wp_footer() function is added to your theme.<\/span>\";}\n\t\t\t\t\telse{ ugCheckForErrors(\"unitegallery_2_1\", \"jquery\");}\n\t\t\t\t};\n\t\t\t<\/script>\n\n\t\t\t<!-- END UNITEGALLERY --><\/p>\n\n\n\n<p><\/p>\n<div class=\"shariff shariff-align-center shariff-widget-align-center\"><div class=\"ShariffHeadline\">Teilen Sie diesen Beitrag (Shariff sch\u00fctzt Ihre Privatsph\u00e4re in sinne der DSVGO):<\/div><ul class=\"shariff-buttons theme-round orientation-horizontal buttonsize-medium\"><li class=\"shariff-button mastodon shariff-nocustomcolor\" style=\"background-color:#563ACC\"><a href=\"https:\/\/s2f.kytta.dev\/?text=NetFile-365 https%3A%2F%2Fnetfile-solution.eu%2Fnetfile-solution-wp%2Fnetfile-cloud%2F\" title=\"Bei Mastodon teilen\" aria-label=\"Bei Mastodon teilen\" role=\"button\" rel=\"noopener nofollow\" class=\"shariff-link\" style=\"; background-color:#6364FF; color:#fff\" target=\"_blank\"><span class=\"shariff-icon\" style=\"\"><svg width=\"75\" height=\"79\" viewBox=\"0 0 75 79\" fill=\"none\" xmlns=\"http:\/\/www.w3.org\/2000\/svg\"><path d=\"M37.813-.025C32.462-.058 27.114.13 21.79.598c-8.544.621-17.214 5.58-20.203 13.931C-1.12 23.318.408 32.622.465 41.65c.375 7.316.943 14.78 3.392 21.73 4.365 9.465 14.781 14.537 24.782 15.385 7.64.698 15.761-.213 22.517-4.026a54.1 54.1 0 0 0 .01-6.232c-6.855 1.316-14.101 2.609-21.049 1.074-3.883-.88-6.876-4.237-7.25-8.215-1.53-3.988 3.78-.43 5.584-.883 9.048 1.224 18.282.776 27.303-.462 7.044-.837 14.26-4.788 16.65-11.833 2.263-6.135 1.215-12.79 1.698-19.177.06-3.84.09-7.692-.262-11.52C72.596 7.844 63.223.981 53.834.684a219.453 219.453 0 0 0-16.022-.71zm11.294 12.882c5.5-.067 10.801 4.143 11.67 9.653.338 1.48.471 3 .471 4.515v21.088h-8.357c-.07-7.588.153-15.182-.131-22.765-.587-4.368-7.04-5.747-9.672-2.397-2.422 3.04-1.47 7.155-1.67 10.735v6.392h-8.307c-.146-4.996.359-10.045-.404-15.002-1.108-4.218-7.809-5.565-10.094-1.666-1.685 3.046-.712 6.634-.976 9.936v14.767h-8.354c.109-8.165-.238-16.344.215-24.5.674-5.346 5.095-10.389 10.676-10.627 4.902-.739 10.103 2.038 12.053 6.631.375 1.435 1.76 1.932 1.994.084 1.844-3.704 5.501-6.739 9.785-6.771.367-.044.735-.068 1.101-.073z\"\/><defs><linearGradient id=\"paint0_linear_549_34\" x1=\"37.0692\" y1=\"0\" x2=\"37.0692\" y2=\"79\" gradientUnits=\"userSpaceOnUse\"><stop stop-color=\"#6364FF\"\/><stop offset=\"1\" stop-color=\"#563ACC\"\/><\/linearGradient><\/defs><\/svg><\/span><\/a><\/li><li class=\"shariff-button facebook shariff-nocustomcolor\" style=\"background-color:#4273c8\"><a href=\"https:\/\/www.facebook.com\/sharer\/sharer.php?u=https%3A%2F%2Fnetfile-solution.eu%2Fnetfile-solution-wp%2Fnetfile-cloud%2F\" title=\"Bei Facebook teilen\" aria-label=\"Bei Facebook teilen\" role=\"button\" rel=\"nofollow\" class=\"shariff-link\" style=\"; background-color:#3b5998; color:#fff\" target=\"_blank\"><span class=\"shariff-icon\" style=\"\"><svg width=\"32px\" height=\"20px\" xmlns=\"http:\/\/www.w3.org\/2000\/svg\" viewBox=\"0 0 18 32\"><path fill=\"#3b5998\" d=\"M17.1 0.2v4.7h-2.8q-1.5 0-2.1 0.6t-0.5 1.9v3.4h5.2l-0.7 5.3h-4.5v13.6h-5.5v-13.6h-4.5v-5.3h4.5v-3.9q0-3.3 1.9-5.2t5-1.8q2.6 0 4.1 0.2z\"\/><\/svg><\/span><\/a><\/li><li class=\"shariff-button linkedin shariff-nocustomcolor\" style=\"background-color:#1488bf\"><a href=\"https:\/\/www.linkedin.com\/sharing\/share-offsite\/?url=https%3A%2F%2Fnetfile-solution.eu%2Fnetfile-solution-wp%2Fnetfile-cloud%2F\" title=\"Bei LinkedIn teilen\" aria-label=\"Bei LinkedIn teilen\" role=\"button\" rel=\"noopener nofollow\" class=\"shariff-link\" style=\"; background-color:#0077b5; color:#fff\" target=\"_blank\"><span class=\"shariff-icon\" style=\"\"><svg width=\"32px\" height=\"20px\" xmlns=\"http:\/\/www.w3.org\/2000\/svg\" viewBox=\"0 0 27 32\"><path fill=\"#0077b5\" d=\"M6.2 11.2v17.7h-5.9v-17.7h5.9zM6.6 5.7q0 1.3-0.9 2.2t-2.4 0.9h0q-1.5 0-2.4-0.9t-0.9-2.2 0.9-2.2 2.4-0.9 2.4 0.9 0.9 2.2zM27.4 18.7v10.1h-5.9v-9.5q0-1.9-0.7-2.9t-2.3-1.1q-1.1 0-1.9 0.6t-1.2 1.5q-0.2 0.5-0.2 1.4v9.9h-5.9q0-7.1 0-11.6t0-5.3l0-0.9h5.9v2.6h0q0.4-0.6 0.7-1t1-0.9 1.6-0.8 2-0.3q3 0 4.9 2t1.9 6z\"\/><\/svg><\/span><\/a><\/li><li class=\"shariff-button info shariff-nocustomcolor\" style=\"background-color:#eee\"><a href=\"http:\/\/ct.de\/-2467514\" title=\"Weitere Informationen\" aria-label=\"Weitere Informationen\" role=\"button\" rel=\"noopener \" class=\"shariff-link\" style=\"; background-color:#fff; color:#fff\" target=\"_blank\"><span class=\"shariff-icon\" style=\"\"><svg width=\"32px\" height=\"20px\" xmlns=\"http:\/\/www.w3.org\/2000\/svg\" viewBox=\"0 0 11 32\"><path fill=\"#999\" d=\"M11.4 24v2.3q0 0.5-0.3 0.8t-0.8 0.4h-9.1q-0.5 0-0.8-0.4t-0.4-0.8v-2.3q0-0.5 0.4-0.8t0.8-0.4h1.1v-6.8h-1.1q-0.5 0-0.8-0.4t-0.4-0.8v-2.3q0-0.5 0.4-0.8t0.8-0.4h6.8q0.5 0 0.8 0.4t0.4 0.8v10.3h1.1q0.5 0 0.8 0.4t0.3 0.8zM9.2 3.4v3.4q0 0.5-0.4 0.8t-0.8 0.4h-4.6q-0.4 0-0.8-0.4t-0.4-0.8v-3.4q0-0.4 0.4-0.8t0.8-0.4h4.6q0.5 0 0.8 0.4t0.4 0.8z\"\/><\/svg><\/span><\/a><\/li><\/ul><\/div>","protected":false},"excerpt":{"rendered":"<p>Was ist NetFile-365? NetFile-365 ist ein alternativ-Produkt von NetFile-Solution als Ersatz f\u00fcr Microsoft-365. Dies besteht zu fast 100% aus einer Open-Source oder kostenloser Software-Sammlung und dessen Konfiguration und ist eine echte Alternative zu den kostenpflichtigen-Produkten von Microsoft. Einen Produktvergleich bzw. den Umfang zu NetFile-365 finden Sie &gt;&gt;&gt;hier&lt;&lt;&lt;. Der Fokus von NetFile-365 liegt auf den Punkten: &hellip; <\/p>\n<p class=\"link-more\"><a href=\"https:\/\/netfile-solution.eu\/netfile-solution-wp\/netfile-cloud\/\" class=\"more-link\"><span class=\"screen-reader-text\">\u201eNetFile-365\u201c <\/span>weiterlesen<\/a><\/p>\n","protected":false},"author":1,"featured_media":0,"parent":0,"menu_order":0,"comment_status":"closed","ping_status":"closed","template":"","meta":{"iawp_total_views":41,"footnotes":""},"class_list":["post-220","page","type-page","status-publish","hentry"],"_links":{"self":[{"href":"https:\/\/netfile-solution.eu\/netfile-solution-wp\/wp-json\/wp\/v2\/pages\/220","targetHints":{"allow":["GET"]}}],"collection":[{"href":"https:\/\/netfile-solution.eu\/netfile-solution-wp\/wp-json\/wp\/v2\/pages"}],"about":[{"href":"https:\/\/netfile-solution.eu\/netfile-solution-wp\/wp-json\/wp\/v2\/types\/page"}],"author":[{"embeddable":true,"href":"https:\/\/netfile-solution.eu\/netfile-solution-wp\/wp-json\/wp\/v2\/users\/1"}],"replies":[{"embeddable":true,"href":"https:\/\/netfile-solution.eu\/netfile-solution-wp\/wp-json\/wp\/v2\/comments?post=220"}],"version-history":[{"count":20,"href":"https:\/\/netfile-solution.eu\/netfile-solution-wp\/wp-json\/wp\/v2\/pages\/220\/revisions"}],"predecessor-version":[{"id":1218,"href":"https:\/\/netfile-solution.eu\/netfile-solution-wp\/wp-json\/wp\/v2\/pages\/220\/revisions\/1218"}],"wp:attachment":[{"href":"https:\/\/netfile-solution.eu\/netfile-solution-wp\/wp-json\/wp\/v2\/media?parent=220"}],"curies":[{"name":"wp","href":"https:\/\/api.w.org\/{rel}","templated":true}]}}