{"id":2,"date":"2018-05-27T10:55:14","date_gmt":"2018-05-27T08:55:14","guid":{"rendered":"https:\/\/netfile-solution.eu:444\/netfile-solution-wp\/?page_id=2"},"modified":"2025-11-11T16:34:02","modified_gmt":"2025-11-11T15:34:02","slug":"startseite","status":"publish","type":"page","link":"https:\/\/netfile-solution.eu\/netfile-solution-wp\/","title":{"rendered":"Startseite"},"content":{"rendered":"<h1><strong>Willkommen bei NetFile-Solution<br \/><\/strong><\/h1>\n<h1><em><span style=\"color: #0066cc;\"><strong>&#8222;We safeguard your digital independence&#8220;<\/strong><\/span><\/em><\/h1>\n<p>Netfile-Solution ist Ihr Partner und Systemhaus am Niederrhein, wenn es um Ihre Fragen rund um die IT\/EDV geht! Unsere Schwerpunkte liegen in den Bereichen Betreuung von: EDV-Infrastrukturen, Server, Workstation, Netzwerkdiensten, Backup und Datenbank Consulting. Hier haben wir Strategien und eigene Dienstleitungen entwickelt, die Ihr Unternehmen in den Themenbereichen:<\/p>\n<ul>\n<li>Funktion<\/li>\n<li>Sicherheit<\/li>\n<li>Datenschutz<\/li>\n<\/ul>\n<p>in Einklang bringen k\u00f6nnen. Pers\u00f6nlicher Service, Qualit\u00e4t und Flexibilit\u00e4t sind unsere St\u00e4rken! Wir sind da, wenn unsere Kunden uns brauchen. Wir betreuen Kunden aus allen Bereichen des t\u00e4glichen Lebens, von Privat bis zu klein und mittelst\u00e4ndischen Unternehmen.<\/p>\n<p>Wir verstehen uns als <b>Open-Source Software<\/b> Spezialist. Wir konzipieren und realisieren IT\/EDV-Konzepte weitgehend \u00fcber <b>Open-Source Software<\/b> oder Software die f\u00fcr Kleinunternehmen weitgehend kostenlos sind. Unser Leitsatz lautet:<\/p>\n<p><span style=\"color: #0066cc;\"><em><strong>&#8222;We safeguard your digital independence&#8220; = &#8222;Wir sch\u00fctzen Ihre digitale Unabh\u00e4ngigkeit&#8220;<br \/><\/strong><\/em><\/span><\/p>\n<p><strong>Soforthilfe erhalten Sie unter: 0 28 43 &#8211; 95 87 180 <\/strong><strong>(Nur Neukunden) oder er\u00f6ffnen Sie hier ein <a href=\"https:\/\/netfile-solution.eu:444\/ticket\/\" target=\"_blank\" rel=\"noopener\">Support-Ticket<\/a>. Alternativ klicken unten rechts auf den Chat-Button um sofort mit uns Kontakt aufzunehmen.<br \/><\/strong><\/p>\n<p><strong>Zur Abfrage einer St\u00f6rung: <a href=\"https:\/\/pruefen.netfile-solution.de\/\" target=\"_blank\" rel=\"noopener\">Verf\u00fcgbarkeitspr\u00fcfung<\/a> (Beachten Sie auch den NetFile-Whats\/Signal App-Info-Service [Nur f\u00fcr Kunden mit g\u00fcltigen Datenverarbeitungsvertrag])<br \/><\/strong><\/p>\n<p><strong>Unsere <\/strong><strong>Se<\/strong><strong>rvicezeiten sind:<\/strong><\/p>\n<p>Montag &#8211; Freitag von 08:00 bis 17:00 Uhr<\/p>\n<p><strong>Unsere zus\u00e4tzlichen Notfallservicezeiten, f\u00fcr unser Vertragskunden, sind:<\/strong><\/p>\n<p>Montag &#8211; Freitag von 17:00 bis 19:00 Uhr<\/p>\n<p>Samstag von 08:00 bis 16:00 Uhr<\/p>\n<p><a href=\"https:\/\/g.page\/r\/CQAIhlBDyf7vEB0\/review\" target=\"_blank\" rel=\"noopener noreferrer\"><img loading=\"lazy\" decoding=\"async\" class=\"alignleft wp-image-254 \" src=\"https:\/\/netfile-solution.eu:444\/netfile-solution-wp\/wp-content\/uploads\/2018\/05\/google-bewertung-150x150.jpg\" alt=\"\" width=\"137\" height=\"137\" srcset=\"https:\/\/netfile-solution.eu\/netfile-solution-wp\/wp-content\/uploads\/2018\/05\/google-bewertung-150x150.jpg 150w, https:\/\/netfile-solution.eu\/netfile-solution-wp\/wp-content\/uploads\/2018\/05\/google-bewertung-100x100.jpg 100w\" sizes=\"auto, (max-width: 137px) 100vw, 137px\" \/><\/a><\/p>\n\n\n<figure class=\"wp-block-image size-large is-resized\"><a href=\"https:\/\/netfile-solution.eu:444\/netfile-solution-wp\/emilarchivierung-by-netfile-solution\/\"><img loading=\"lazy\" decoding=\"async\" width=\"794\" height=\"567\" src=\"https:\/\/netfile-solution.eu:444\/netfile-solution-wp\/wp-content\/uploads\/2020\/04\/MSCT.png\" alt=\"\" class=\"wp-image-716\" style=\"width:179px;height:125px\" srcset=\"https:\/\/netfile-solution.eu\/netfile-solution-wp\/wp-content\/uploads\/2020\/04\/MSCT.png 794w, https:\/\/netfile-solution.eu\/netfile-solution-wp\/wp-content\/uploads\/2020\/04\/MSCT-300x214.png 300w, https:\/\/netfile-solution.eu\/netfile-solution-wp\/wp-content\/uploads\/2020\/04\/MSCT-768x548.png 768w\" sizes=\"auto, (max-width: 706px) 89vw, (max-width: 767px) 82vw, 740px\" \/><\/a><\/figure>\n\n\n\n<figure class=\"wp-block-image size-large is-resized\"><a href=\"https:\/\/www.proxmox.com\/de\/\" target=\"_blank\" rel=\"noreferrer noopener\"><img loading=\"lazy\" decoding=\"async\" width=\"1024\" height=\"171\" src=\"https:\/\/netfile-solution.eu:444\/netfile-solution-wp\/wp-content\/uploads\/2024\/04\/proxmox-full-lockup-color-1024x171.png\" alt=\"\" class=\"wp-image-1440\" style=\"width:662px;height:auto\" srcset=\"https:\/\/netfile-solution.eu\/netfile-solution-wp\/wp-content\/uploads\/2024\/04\/proxmox-full-lockup-color-1024x171.png 1024w, https:\/\/netfile-solution.eu\/netfile-solution-wp\/wp-content\/uploads\/2024\/04\/proxmox-full-lockup-color-300x50.png 300w, https:\/\/netfile-solution.eu\/netfile-solution-wp\/wp-content\/uploads\/2024\/04\/proxmox-full-lockup-color-768x128.png 768w, https:\/\/netfile-solution.eu\/netfile-solution-wp\/wp-content\/uploads\/2024\/04\/proxmox-full-lockup-color.png 1200w\" sizes=\"auto, (max-width: 706px) 89vw, (max-width: 767px) 82vw, 740px\" \/><\/a><\/figure>\n\n\n\n<figure class=\"wp-block-image size-full is-resized\"><a href=\"https:\/\/nextcloud.com\/de\/\" target=\"_blank\" rel=\"noreferrer noopener\"><img loading=\"lazy\" decoding=\"async\" width=\"306\" height=\"165\" src=\"https:\/\/netfile-solution.eu:444\/netfile-solution-wp\/wp-content\/uploads\/2024\/04\/nc.png\" alt=\"\" class=\"wp-image-1443\" style=\"width:657px;height:auto\" srcset=\"https:\/\/netfile-solution.eu\/netfile-solution-wp\/wp-content\/uploads\/2024\/04\/nc.png 306w, https:\/\/netfile-solution.eu\/netfile-solution-wp\/wp-content\/uploads\/2024\/04\/nc-300x162.png 300w\" sizes=\"auto, (max-width: 306px) 100vw, 306px\" \/><\/a><\/figure>\n\n\n\n<figure class=\"wp-block-image size-full is-resized\"><a href=\"https:\/\/docs.paperless-ngx.com\/\" target=\"_blank\" rel=\"noreferrer noopener\"><img loading=\"lazy\" decoding=\"async\" width=\"714\" height=\"238\" src=\"https:\/\/netfile-solution.eu:444\/netfile-solution-wp\/wp-content\/uploads\/2024\/07\/paperless-nx.jpg\" alt=\"\" class=\"wp-image-1454\" style=\"width:625px;height:auto\" srcset=\"https:\/\/netfile-solution.eu\/netfile-solution-wp\/wp-content\/uploads\/2024\/07\/paperless-nx.jpg 714w, https:\/\/netfile-solution.eu\/netfile-solution-wp\/wp-content\/uploads\/2024\/07\/paperless-nx-300x100.jpg 300w\" sizes=\"auto, (max-width: 714px) 100vw, 714px\" \/><\/a><\/figure>\n\n\n\n<figure class=\"wp-block-image is-resized\"><a href=\"https:\/\/avm.de\/\" target=\"_blank\" rel=\"noopener noreferrer\"><img loading=\"lazy\" decoding=\"async\" width=\"970\" height=\"250\" src=\"https:\/\/netfile-solution.eu:444\/netfile-solution-wp\/wp-content\/uploads\/2019\/11\/avm.jpg\" alt=\"\" class=\"wp-image-558\" style=\"width:657px;height:169px\" srcset=\"https:\/\/netfile-solution.eu\/netfile-solution-wp\/wp-content\/uploads\/2019\/11\/avm.jpg 970w, https:\/\/netfile-solution.eu\/netfile-solution-wp\/wp-content\/uploads\/2019\/11\/avm-300x77.jpg 300w, https:\/\/netfile-solution.eu\/netfile-solution-wp\/wp-content\/uploads\/2019\/11\/avm-768x198.jpg 768w\" sizes=\"auto, (max-width: 706px) 89vw, (max-width: 767px) 82vw, 740px\" \/><\/a><\/figure>\n\n\n\n<figure class=\"wp-block-image size-full\"><a href=\"https:\/\/www.go1984.de\/\" target=\"_blank\" rel=\" noreferrer noopener\"><img loading=\"lazy\" decoding=\"async\" width=\"345\" height=\"97\" src=\"https:\/\/netfile-solution.eu\/netfile-solution-wp\/wp-content\/uploads\/2025\/11\/2025-11-11_162814.jpg\" alt=\"\" class=\"wp-image-1652\" srcset=\"https:\/\/netfile-solution.eu\/netfile-solution-wp\/wp-content\/uploads\/2025\/11\/2025-11-11_162814.jpg 345w, https:\/\/netfile-solution.eu\/netfile-solution-wp\/wp-content\/uploads\/2025\/11\/2025-11-11_162814-300x84.jpg 300w\" sizes=\"auto, (max-width: 345px) 100vw, 345px\" \/><\/a><\/figure>\n\n\n\n<p><\/p>\n<div class=\"shariff shariff-align-center shariff-widget-align-center\"><div class=\"ShariffHeadline\">Teilen Sie diesen Beitrag (Shariff sch\u00fctzt Ihre Privatsph\u00e4re in sinne der DSVGO):<\/div><ul class=\"shariff-buttons theme-round orientation-horizontal buttonsize-medium\"><li class=\"shariff-button mastodon shariff-nocustomcolor\" style=\"background-color:#563ACC\"><a href=\"https:\/\/s2f.kytta.dev\/?text=Startseite https%3A%2F%2Fnetfile-solution.eu%2Fnetfile-solution-wp%2F\" title=\"Bei Mastodon teilen\" aria-label=\"Bei Mastodon teilen\" role=\"button\" rel=\"noopener nofollow\" class=\"shariff-link\" style=\"; background-color:#6364FF; color:#fff\" target=\"_blank\"><span class=\"shariff-icon\" style=\"\"><svg width=\"75\" height=\"79\" viewBox=\"0 0 75 79\" fill=\"none\" xmlns=\"http:\/\/www.w3.org\/2000\/svg\"><path d=\"M37.813-.025C32.462-.058 27.114.13 21.79.598c-8.544.621-17.214 5.58-20.203 13.931C-1.12 23.318.408 32.622.465 41.65c.375 7.316.943 14.78 3.392 21.73 4.365 9.465 14.781 14.537 24.782 15.385 7.64.698 15.761-.213 22.517-4.026a54.1 54.1 0 0 0 .01-6.232c-6.855 1.316-14.101 2.609-21.049 1.074-3.883-.88-6.876-4.237-7.25-8.215-1.53-3.988 3.78-.43 5.584-.883 9.048 1.224 18.282.776 27.303-.462 7.044-.837 14.26-4.788 16.65-11.833 2.263-6.135 1.215-12.79 1.698-19.177.06-3.84.09-7.692-.262-11.52C72.596 7.844 63.223.981 53.834.684a219.453 219.453 0 0 0-16.022-.71zm11.294 12.882c5.5-.067 10.801 4.143 11.67 9.653.338 1.48.471 3 .471 4.515v21.088h-8.357c-.07-7.588.153-15.182-.131-22.765-.587-4.368-7.04-5.747-9.672-2.397-2.422 3.04-1.47 7.155-1.67 10.735v6.392h-8.307c-.146-4.996.359-10.045-.404-15.002-1.108-4.218-7.809-5.565-10.094-1.666-1.685 3.046-.712 6.634-.976 9.936v14.767h-8.354c.109-8.165-.238-16.344.215-24.5.674-5.346 5.095-10.389 10.676-10.627 4.902-.739 10.103 2.038 12.053 6.631.375 1.435 1.76 1.932 1.994.084 1.844-3.704 5.501-6.739 9.785-6.771.367-.044.735-.068 1.101-.073z\"\/><defs><linearGradient id=\"paint0_linear_549_34\" x1=\"37.0692\" y1=\"0\" x2=\"37.0692\" y2=\"79\" gradientUnits=\"userSpaceOnUse\"><stop stop-color=\"#6364FF\"\/><stop offset=\"1\" stop-color=\"#563ACC\"\/><\/linearGradient><\/defs><\/svg><\/span><\/a><\/li><li class=\"shariff-button facebook shariff-nocustomcolor\" style=\"background-color:#4273c8\"><a href=\"https:\/\/www.facebook.com\/sharer\/sharer.php?u=https%3A%2F%2Fnetfile-solution.eu%2Fnetfile-solution-wp%2F\" title=\"Bei Facebook teilen\" aria-label=\"Bei Facebook teilen\" role=\"button\" rel=\"nofollow\" class=\"shariff-link\" style=\"; background-color:#3b5998; color:#fff\" target=\"_blank\"><span class=\"shariff-icon\" style=\"\"><svg width=\"32px\" height=\"20px\" xmlns=\"http:\/\/www.w3.org\/2000\/svg\" viewBox=\"0 0 18 32\"><path fill=\"#3b5998\" d=\"M17.1 0.2v4.7h-2.8q-1.5 0-2.1 0.6t-0.5 1.9v3.4h5.2l-0.7 5.3h-4.5v13.6h-5.5v-13.6h-4.5v-5.3h4.5v-3.9q0-3.3 1.9-5.2t5-1.8q2.6 0 4.1 0.2z\"\/><\/svg><\/span><\/a><\/li><li class=\"shariff-button linkedin shariff-nocustomcolor\" style=\"background-color:#1488bf\"><a href=\"https:\/\/www.linkedin.com\/sharing\/share-offsite\/?url=https%3A%2F%2Fnetfile-solution.eu%2Fnetfile-solution-wp%2F\" title=\"Bei LinkedIn teilen\" aria-label=\"Bei LinkedIn teilen\" role=\"button\" rel=\"noopener nofollow\" class=\"shariff-link\" style=\"; background-color:#0077b5; color:#fff\" target=\"_blank\"><span class=\"shariff-icon\" style=\"\"><svg width=\"32px\" height=\"20px\" xmlns=\"http:\/\/www.w3.org\/2000\/svg\" viewBox=\"0 0 27 32\"><path fill=\"#0077b5\" d=\"M6.2 11.2v17.7h-5.9v-17.7h5.9zM6.6 5.7q0 1.3-0.9 2.2t-2.4 0.9h0q-1.5 0-2.4-0.9t-0.9-2.2 0.9-2.2 2.4-0.9 2.4 0.9 0.9 2.2zM27.4 18.7v10.1h-5.9v-9.5q0-1.9-0.7-2.9t-2.3-1.1q-1.1 0-1.9 0.6t-1.2 1.5q-0.2 0.5-0.2 1.4v9.9h-5.9q0-7.1 0-11.6t0-5.3l0-0.9h5.9v2.6h0q0.4-0.6 0.7-1t1-0.9 1.6-0.8 2-0.3q3 0 4.9 2t1.9 6z\"\/><\/svg><\/span><\/a><\/li><li class=\"shariff-button info shariff-nocustomcolor\" style=\"background-color:#eee\"><a href=\"http:\/\/ct.de\/-2467514\" title=\"Weitere Informationen\" aria-label=\"Weitere Informationen\" role=\"button\" rel=\"noopener \" class=\"shariff-link\" style=\"; background-color:#fff; color:#fff\" target=\"_blank\"><span class=\"shariff-icon\" style=\"\"><svg width=\"32px\" height=\"20px\" xmlns=\"http:\/\/www.w3.org\/2000\/svg\" viewBox=\"0 0 11 32\"><path fill=\"#999\" d=\"M11.4 24v2.3q0 0.5-0.3 0.8t-0.8 0.4h-9.1q-0.5 0-0.8-0.4t-0.4-0.8v-2.3q0-0.5 0.4-0.8t0.8-0.4h1.1v-6.8h-1.1q-0.5 0-0.8-0.4t-0.4-0.8v-2.3q0-0.5 0.4-0.8t0.8-0.4h6.8q0.5 0 0.8 0.4t0.4 0.8v10.3h1.1q0.5 0 0.8 0.4t0.3 0.8zM9.2 3.4v3.4q0 0.5-0.4 0.8t-0.8 0.4h-4.6q-0.4 0-0.8-0.4t-0.4-0.8v-3.4q0-0.4 0.4-0.8t0.8-0.4h4.6q0.5 0 0.8 0.4t0.4 0.8z\"\/><\/svg><\/span><\/a><\/li><\/ul><\/div>","protected":false},"excerpt":{"rendered":"<p>Willkommen bei NetFile-Solution &#8222;We safeguard your digital independence&#8220; Netfile-Solution ist Ihr Partner und Systemhaus am Niederrhein, wenn es um Ihre Fragen rund um die IT\/EDV geht! Unsere Schwerpunkte liegen in den Bereichen Betreuung von: EDV-Infrastrukturen, Server, Workstation, Netzwerkdiensten, Backup und Datenbank Consulting. Hier haben wir Strategien und eigene Dienstleitungen entwickelt, die Ihr Unternehmen in den &hellip; <\/p>\n<p class=\"link-more\"><a href=\"https:\/\/netfile-solution.eu\/netfile-solution-wp\/\" class=\"more-link\"><span class=\"screen-reader-text\">\u201eStartseite\u201c <\/span>weiterlesen<\/a><\/p>\n","protected":false},"author":1,"featured_media":0,"parent":0,"menu_order":0,"comment_status":"closed","ping_status":"open","template":"","meta":{"iawp_total_views":1039,"footnotes":""},"class_list":["post-2","page","type-page","status-publish","hentry"],"_links":{"self":[{"href":"https:\/\/netfile-solution.eu\/netfile-solution-wp\/wp-json\/wp\/v2\/pages\/2","targetHints":{"allow":["GET"]}}],"collection":[{"href":"https:\/\/netfile-solution.eu\/netfile-solution-wp\/wp-json\/wp\/v2\/pages"}],"about":[{"href":"https:\/\/netfile-solution.eu\/netfile-solution-wp\/wp-json\/wp\/v2\/types\/page"}],"author":[{"embeddable":true,"href":"https:\/\/netfile-solution.eu\/netfile-solution-wp\/wp-json\/wp\/v2\/users\/1"}],"replies":[{"embeddable":true,"href":"https:\/\/netfile-solution.eu\/netfile-solution-wp\/wp-json\/wp\/v2\/comments?post=2"}],"version-history":[{"count":108,"href":"https:\/\/netfile-solution.eu\/netfile-solution-wp\/wp-json\/wp\/v2\/pages\/2\/revisions"}],"predecessor-version":[{"id":1660,"href":"https:\/\/netfile-solution.eu\/netfile-solution-wp\/wp-json\/wp\/v2\/pages\/2\/revisions\/1660"}],"wp:attachment":[{"href":"https:\/\/netfile-solution.eu\/netfile-solution-wp\/wp-json\/wp\/v2\/media?parent=2"}],"curies":[{"name":"wp","href":"https:\/\/api.w.org\/{rel}","templated":true}]}}