{"id":154,"date":"2018-05-30T13:42:28","date_gmt":"2018-05-30T11:42:28","guid":{"rendered":"https:\/\/netfile-solution.eu:444\/netfile-solution-wp\/?page_id=154"},"modified":"2023-03-13T07:58:07","modified_gmt":"2023-03-13T06:58:07","slug":"allgemeine-geschaeftsbedingungen-von-netfile-solution","status":"publish","type":"page","link":"https:\/\/netfile-solution.eu\/netfile-solution-wp\/allgemeine-geschaeftsbedingungen-von-netfile-solution\/","title":{"rendered":"Allgemeine Gesch\u00e4ftsbedingungen von NetFile-Solution"},"content":{"rendered":"\n<p><strong>1. Allgemeines<\/strong><\/p>\n\n\n\n<p>Allen Lieferungen und Leistungen liegen diese allgemeinen Liefer- und Zahlungsbedingungen zugrunde. Sie gelten auch f\u00fcr alle k\u00fcnftigen Gesch\u00e4ftsbeziehungen, selbst wenn sie nicht nochmals ausdr\u00fccklich vereinbart werden. Bei abweichenden oder erg\u00e4nzenden Vereinbarungen ist eine ausdr\u00fcckliche schriftliche Zustimmung von NetFile-Solution erforderlich. Allgemeine Gesch\u00e4ftsbedingungen des Kunden werden ausdr\u00fccklich nicht Vertragsinhalt, auch wenn ihnen seitens NetFile-Solution nicht ausdr\u00fccklich widersprochen wird. Alle Bestellungen und Auftr\u00e4ge sowie etwaige besondere Zusicherungen von NetFile-Solution bed\u00fcrfen der schriftlichen Best\u00e4tigung durch NetFile-Solution. Auf diese Form kann nur aufgrund schriftlicher Vereinbarungen verzichtet werden. F\u00fcr den Fall, dass der Kunde die nachfolgenden Gesch\u00e4fts- und Lieferbedingungen nicht gelten lassen will, hat er dies vorher schriftlich NetFile-Solution anzuzeigen.<\/p>\n\n\n\n<p>1.1&nbsp;NetFile-Solution ist berechtigt, den Inhalt dieses Vertrages mit Zustimmung des Kunden zu \u00e4ndern, sofern die \u00c4nderung unter Ber\u00fccksichtigung der Interessen von NetFile-Solution f\u00fcr den Kunden zumutbar ist. Die Zustimmung zur Vertrags\u00e4nderung gilt als erteilt, sofern der Kunde der \u00c4nderung nicht binnen 30 Tagen nach Zugang der \u00c4nderungsmitteilung widerspricht. NetFile-Solution verpflichtet sich, den Kunden mit der \u00c4nderungsmitteilung auf die Folgen eines unterlassenen Widerspruchs hinzuweisen.<\/p>\n\n\n\n<p><strong>&nbsp;2. Angebot und Vertragsabschluss<\/strong><\/p>\n\n\n\n<p>Angebote sind stets freibleibend. Ein Vertrag kommt erst durch unsere schriftliche Auftragsbest\u00e4tigung zustande. Erfolgt unsere Leistung, ohne dass dem Kunden vorher eine Auftragsbest\u00e4tigung zuging, so kommt der Vertrag mit Beginn der Projektt\u00e4tigkeit von NetFile-Solution oder der Leistung\/Warenlieferung zustande.<\/p>\n\n\n\n<p><strong>&nbsp;3. Preis<\/strong><\/p>\n\n\n\n<p>Die Lieferungen und Leistungen erfolgen zu den Preisen und Bedingungen der schriftlichen Auftragsbest\u00e4tigung. Die darin genannten Preise sind verbindlich bzw. es gelten die Preise der aktuellen <a href=\"https:\/\/netfile-solution.eu:444\/netfile-solution-wp\/unsere-aktuelle-preisliste\/\" target=\"_blank\" rel=\"noreferrer noopener\">Preisliste<\/a>. Diese kann auf der Website von NetFile-Solution eingesehen werden. Hinzu kommt die zum Zeitpunkt der Rechnungsstellung geltende Mehrwertsteuer. Soweit nichts Abweichendes vereinbart wird, sind Zahlungen ab Rechnungsdatum sofort ohne jeden Abzug zu leisten. NetFile-Solution ist berechtigt im kaufm\u00e4nnischen Gesch\u00e4ftsverkehr bei F\u00e4lligkeit, ansonsten bei Zahlungsverzug, Zinsen in H\u00f6he von 3% ab der ersten Woche des \u00fcber dem jeweiligen Diskontsatz der Deutschen Bundesbank, zu berechnen.<\/p>\n\n\n\n<p><strong>4. Liefertermine<\/strong><\/p>\n\n\n\n<p>Liefertermine und Fristen sind verbindlich, wenn sie vom Kunden und von NetFile-Solution im Einzelfall schriftlich als verbindlich bezeichnet worden sind Ansonsten sind alle Liefertermine oder Fristen unverbindlich. Die Lieferfrist beginnt mit Absendung der Auftragsbest\u00e4tigung, jedoch nicht vor Beibringung der vom Kunden zu beschaffenden Unterlagen. Ist die Nichteinhaltung einer Frist auf unvorhergesehene Hindernisse zur\u00fcckzuf\u00fchren, die au\u00dferhalb des Einflusses von NetFile-Solution liegen, so verl\u00e4ngert sich die Frist entsprechend. NetFile-Solution ist zur Lieferung von Systemen nur verpflichtet, nachdem eine verbindliche Vereinbarung zwischen dem Kunden und NetFile-Solution \u00fcber die Aufstellungsbedingungen am Aufstellungsort getroffen wurde. Etwaige Schadensersatzanspr\u00fcche des Kunden wegen versp\u00e4teter Lieferung oder Leistung beschr\u00e4nken sich f\u00fcr die Zeit des Verzuges je vollendete Woche auf 0,5 v. H., maximal jedoch auf 5% des betreffenden Auftragswertes. Eine weitergehende Haftung \u00fcbernimmt NetFile-Solution bei Lieferverz\u00f6gerungen nicht. Dies gilt nicht, soweit in F\u00e4llen des Vorsatzes oder der groben Fahrl\u00e4ssigkeit zwingend gehaftet wird. NetFile-Solution ist berechtigt, die zu erbringende Leistung in Teillieferungen auszuf\u00fchren. Die Zahlungsfristen in Ziffer 3 gelten entsprechend.<\/p>\n\n\n\n<p><strong>5. Abnahme<\/strong><\/p>\n\n\n\n<p>Die geschuldeten Leistungen werden nach Leistungserbringung vom Auftraggeber unverz\u00fcglich auf grobe Fehler \u00fcberpr\u00fcft. Die Abnahmefrist betr\u00e4gt 1 Woche. Innerhalb dieser Frist wird der Auftraggeber entweder die uneingeschr\u00e4nkte Abnahme schriftlich best\u00e4tigen oder etwaige Beanstandungen schriftlich bekannt geben. Erfolgt innerhalb der Abnahmefrist keine schriftliche Stellungnahme des Auftraggebers, so gelten die Leistungen mit Ablauf dieser Frist als angenommen.<\/p>\n\n\n\n<p><strong>6. Nutzungsrechte an Software<\/strong><\/p>\n\n\n\n<p>An von NetFile-Solution hergestellter Software, Fremdsoftware (Software, die von einem von NetFile-Solution unabh\u00e4ngigen Software-Lieferanten entwickelt wurde) und der jeweils dazugeh\u00f6rigen Dokumentation und nachtr\u00e4glichen Erg\u00e4nzungen wird dem Kunden ein nicht ausschlie\u00dfliches und nicht \u00fcbertragbares Recht, die Kopie der Software auf einem einzelnen Computer und nur an einem Ort zu benutzen einger\u00e4umt. Weitergehende Nutzungsrechte bed\u00fcrfen einer gesonderten, schriftlichen Vereinbarung (alle sonstigen Rechte an der Software und den Dokumentationen, einschlie\u00dflich der Kopien und nachtr\u00e4glichen Erg\u00e4nzungen, bleiben bei NetFile-Solution bzw. dem Software-Lieferanten). Der Kunde hat sicherzustellen, dass diese Software und Dokumentationen ohne vorherige schriftliche Zustimmung von NetFile-Solution Dritten nicht zug\u00e4nglich sind. Es ist dem Kunden untersagt, die Software oder Teile davon abzu\u00e4ndern, zu \u00fcbersetzen, zur\u00fcckzuentwickeln, zu entkompilieren, zu entassemblieren, oder auf ein anderes Betriebssystem zu portieren. Kopien der Software, sowie des schriftlichen Materials, d\u00fcrfen grunds\u00e4tzlich nur f\u00fcr Archivzwecke, als Ersatz oder zur Fehlersuche angefertigt werden; die S\u00e4tze 1 und 2 gelten entsprechend. Die \u00dcberlassung von Quellprogrammen bedarf einer besonderen schriftlichen Vereinbarung. Sofern die Originale einen auf Urheberrechtsschutz hinweisenden Vermerk tragen, ist dieser Vermerk vom Kunden auch auf den Kopien anzubringen. Soweit nichts anderes vereinbart wird, gilt das Nutzungsrecht jeweils mit Auftragsbest\u00e4tigung und Lieferung der Software, Dokumentationen und nachtr\u00e4glichen Erg\u00e4nzungen als erteilt. Andere Regelungen bed\u00fcrfen der Textform. NetFile-Solution ist nicht gehindert, unter Verwendung von bei Ausf\u00fchrung des Auftrages gewonnenen Erkenntnissen Programme \u00e4hnlicher Aufgabenstellung f\u00fcr Dritte zu entwickeln, soweit von ihr etwaige Geheimhaltungsauflagen des Auftraggebers beachtet werden. Ebenfalls haftet NetFile-Solution nicht bei Unterlizenzierung von Fremdsoftware, die auf Rechnersystemen von NetFile-Solution (Hosting) im Auftrag des Auftragsgeber installiert wurden. Gleiches gilt auch f\u00fcr eigene Rechnersystemen des Auftragsgeber. Die Lizenzrechtliche Verwaltung der ben\u00f6tigten Lizenzen obliegt alleine dem Auftraggeber.<\/p>\n\n\n\n<p><strong>7. Vertraulichkeit<\/strong><\/p>\n\n\n\n<p>NetFile-Solution und der Auftraggeber verpflichten sich gegenseitig, alle Gesch\u00e4fts- und Betriebsgeheimnisse der anderen Seite unbefristet geheim zu halten und nicht an Dritte weiterzugeben oder in irgendeiner Weise zu verwerten. Die Unterlagen, Zeichnungen und andere Informationen, die der andere Vertragspartner aufgrund der Gesch\u00e4ftsbeziehung erh\u00e4lt, darf dieser nur im Rahmen des jeweiligen Vertragszweckes nutzen. Eine Datenschutzerkl\u00e4rung wird ggf. bei einer dauerhaften Zusammenarbeit an den Kunden ausgeh\u00e4ndigt.<\/p>\n\n\n\n<p><strong>8. Eigentumsvorbehalt<\/strong><\/p>\n\n\n\n<p>NetFile-Solution beh\u00e4lt sich das Eigentum an den gelieferten Produkten bis zur vollst\u00e4ndigen Tilgung des Kaufpreises und bis zur Erf\u00fcllung aller, auch k\u00fcnftiger, (Saldo-)Forderungen vor.<\/p>\n\n\n\n<p><strong>9. Gew\u00e4hrleistung<\/strong><\/p>\n\n\n\n<p>NetFile-Solution gew\u00e4hrleistet, dass die Software\/Hardware mit dem von NetFile-Solution in der zugeh\u00f6rigen Programmdokumentation aufgef\u00fchrten Spezifikationen \u00fcbereinstimmt, sowie mit der gebotenen Sorgfalt und Fachkenntnis erstellt worden ist. Dennoch ist nach dem derzeitigen Stand der Technik der v\u00f6llige Ausschluss von Fehlern in der Software\/Hardware nicht m\u00f6glich. Die Verantwortung f\u00fcr die Auswahl der Software\/Hardwarefunktionen, die Nutzung, sowie die damit erzielten Ergebnisse tr\u00e4gt der Kunde. NetFile-Solution wird Software\/Hardwarefehler, welche die bestimmungsgem\u00e4\u00dfe Nutzung nicht nur unerheblich beeintr\u00e4chtigen, berichtigen und zwar nach Wahl von NetFile-Solution und je nach Bedeutung des Fehlers entweder durch die Lieferung einer verbesserten Software\/Hardwareversion oder durch Hinweise zur Beseitigung oder zum Umgehen der Auswirkungen des Fehlers. Der Kunde gew\u00e4hrt NetFile-Solution die zur etwaigen M\u00e4ngelbeseitigung nach billigem Ermessen erforderliche Zeit und Gelegenheit. Verweigert der Kunde diese, ist NetFile-Solution von der Gew\u00e4hrleistung befreit. Jegliche Gew\u00e4hrleistung entf\u00e4llt, sofern ein etwaiger Fehler darauf beruht, dass der Kunde oder ein Dritter ohne Zustimmung von NetFile-Solution Produkte ver\u00e4ndert hat oder die Benutzung des Produktes\/Leistung nicht dem vereinbarten Nutzungsumfang entspricht. Die Gew\u00e4hrleistungsfrist beginnt bei Lieferung der Produkte an den Kunden. Abweichende Regelungen bed\u00fcrfen der Textform. Nach Ablauf der Gew\u00e4hrleistung kann der Kunde mit NetFile-Solution einen Wartungsvertrag abschlie\u00dfen.<\/p>\n\n\n\n<p><strong>1O. Schadenersatzanspr\u00fcche<\/strong><\/p>\n\n\n\n<p>Schadenersatzanspr\u00fcche gegen NetFile-Solution sowie ihre Erf\u00fcllungs- oder Verrichtungsgehilfen, gleich aus welchem Rechtsgrund (z. B. aus Beratung, positiver Vertragsverletzung, unerlaubter Handlung oder Produzentenhaftung), insbesondere auch f\u00fcr indirekte und Folgesch\u00e4den, sind ausgeschlossen. Dies gilt nicht, soweit in F\u00e4llen des Vorsatzes, der groben Fahrl\u00e4ssigkeit oder des Fehlens zugesicherter Eigenschaften zwingend gehaftet wird. NetFile-Solution haftet nicht f\u00fcr die Wiederbeschaffung von Daten, es sei denn, dass NetFile-Solution deren Vernichtung grob fahrl\u00e4ssig oder vors\u00e4tzlich verursacht und der Kunde sichergestellt hat, dass diese Daten aus Datenmaterial, das in maschinenlesbarer Form bereitgehalten wird, mit vertretbarem Aufwand rekonstruiert werden k\u00f6nnen. Soweit Schadenersatzanspr\u00fcche gegen NetFile-Solution, ihre Erf\u00fcllungs- oder Verrichtungsgehilfen bestehen, verj\u00e4hren diese binnen eines Jahres nach Lieferung der Produkte an den Kunden.<\/p>\n\n\n\n<p><strong>11. Zusatzbedingung Fernwartung (Remote &#8211; Access) Service<\/strong><\/p>\n\n\n\n<p>Der pauschale Abrechnungspreis von derzeit\u00a0 (siehe aktuelle <a href=\"https:\/\/netfile-solution.eu:444\/netfile-solution-wp\/unsere-aktuelle-preisliste\/\" target=\"_blank\" rel=\"noreferrer noopener\">Preisliste<\/a>) bezieht sich auf Erste Hilfe Fehlerbeseitigung beim Umgang mit dem PC bzw. dem Netzwerk. Die Art der Fernwartung bzw. dessen technischen Umfang wird von NetFile-Solution bestimmt. Weiterf\u00fchrende Arbeiten werden nach AWZ (Arbeitsaufwand nach Zeit) in 15 Minuten Zeitintervallen berechnet, zu jederzeit (siehe aktuelle<a href=\"https:\/\/netfile-solution.eu:444\/netfile-solution-wp\/unsere-aktuelle-preisliste\/\" target=\"_blank\" rel=\"noreferrer noopener\"> Preisliste<\/a>). NetFile-Solution haftet nicht f\u00fcr Datenverlust w\u00e4hrend der Fernwartung oder sogar f\u00fcr Hardware\/Softwareausf\u00e4lle. NetFile-Solution beh\u00e4lt sich das Recht vor,\u00a0 jede Fernwartung\u00a0 beim Kunden eine Aufzeichnung \u00fcber die durchgef\u00fchrten Arbeiten via Bildschirmaufzeichnungen zu starten. Diese Aufzeichnung gilt der Qualit\u00e4tssicherung und Beweisf\u00fchrung. NetFile-Solution erkl\u00e4rt hier\u00fcber hinaus, dass alle eingesehenen Dateien beim Host (Kunden) geheim bleiben. Die Datenschutzbestimmungen unter Punkt 17 werden eingehalten.<\/p>\n\n\n\n<p><strong>&nbsp;12. Zusatzbedingung Remote \u2013 Backup<\/strong><\/p>\n\n\n\n<p><span style=\"color: #000000;\">Die Bedingungen greifen und haben nur Bestand, wenn diese Leistung von Ihnen in Anspruch genommen wird.<\/span><\/p>\n\n\n\n<p><a style=\"pointer-events: none;\" href=\"https:\/\/netfile-solution.eu:444\/netfile-solution-wp\/zusatz-agb-remote-backup-z-agb-rb\/\">&gt;&gt;&gt;Bitte klicken Sie hier, um diese Zusatz-AGB zu lesen&lt;&lt;&lt;<\/a><\/p>\n\n\n\n<p><strong>&nbsp;13. Zusatzbedingung Vorortservice<\/strong><\/p>\n\n\n\n<p>Der aktuelle pauschale Stundenlohn&nbsp; f\u00fcr Kunden ist nur dann g\u00fcltig, wenn es sich hierbei um einen normalen Werktag handelt. Sonntage- und Feiertage in der BRD oder NRW werden mit einem vereinbarten Aufschlag abgerechnet.&nbsp; An\/Abfahrt\u2013Pauschale: Der Km-Satz liegt hierbei bei 0,65 \u20ac je gefahrenen Km ab Firmensitz von NetFile-Solution. Ebenfalls kann bei einem Vorortservice-Einsatz von \u00fcber 30 Km der An- und Abfahrtsweg als Arbeitszeit berechnet werden.<\/p>\n\n\n\n<p><strong>&nbsp;14. Zusatzbedingung Hosting<\/strong><\/p>\n\n\n\n<p><span style=\"color: #000000;\">Die Bedingungen greifen und haben nur Bestand, wenn diese Leistung von Ihnen in Anspruch genommen wird.<\/span><\/p>\n\n\n\n<p><a style=\"pointer-events: none;\" href=\"https:\/\/netfile-solution.eu:444\/netfile-solution-wp\/zusatz-agbs-fuer-web-mail-cloud-vm-und-ftp-hosting-z-agb-h\/\">&gt;&gt;&gt;Bitte klicken Sie hier, um diese Zusatz-AGB zu lesen&lt;&lt;&lt;<\/a><\/p>\n\n\n\n<p><strong>15. Zusatzbedingung Software und Hardware Wartungsvertrag\/Servicevertrag&nbsp;<\/strong><\/p>\n\n\n\n<p><span style=\"color: #000000;\">Die Bedingungen greifen und haben nur Bestand, wenn diese Leistung von Ihnen in Anspruch genommen wird. <\/span><\/p>\n\n\n\n<p><span style=\"color: #000000;\">Bedingungen entnehmen Sie bitte Ihrem pers\u00f6nlichen auf Papier erhaltenen und unterzeichneten Vertrag.<br><\/span><\/p>\n\n\n\n<p><strong>16. Sonstiges<\/strong><\/p>\n\n\n\n<p>Sollten einzelne Bestimmungen dieser Allgemeinen Gesch\u00e4ftsbedingungen ganz oder teilweise unwirksam sein oder werden, so ber\u00fchrt dies die G\u00fcltigkeit der \u00fcbrigen Bestimmungen nicht. Vielmehr tritt an die Stelle der nichtigen Bestimmungen dasjenige, was dem gewollten Zweck am n\u00e4chsten kommt. Nebenabreden sind nicht getroffen. Vertragserg\u00e4nzungen entfalten nur Wirksamkeit, wenn sie schriftlich best\u00e4tigt werden. Der Kunde kann die aus dem Vertrag resultierenden Rechte und Pflichten nur mit schriftlicher Zustimmung von NetFile-Solution \u00fcbertragen. Gegen Anspr\u00fcche von NetFile-Solution kann er nur dann aufrechnen oder ein Zur\u00fcckbehaltungsrecht geltend machen, wenn die Gegenforderung des Kunden unbestritten oder rechtskr\u00e4ftig festgestellt ist. Gerichtsstand ist, soweit gesetzlich f\u00fcr B2B-Handel und Endverbraucher zul\u00e4ssig, der Sitz von NetFile-Solution in 47495-Rheinberg.<\/p>\n\n\n\n<p><strong>17. Datenschutz<\/strong><\/p>\n\n\n\n<p><span style=\"color: #000000;\">(1) Die von Ihnen mitgeteilten Daten verwendet NetFile-Solution lediglich zur Erf\u00fcllung und Abwicklung von Auftr\u00e4gen im Sinne von Art. 6 Abs. 1 b) DSGVO (vertragliche&nbsp;Zwecke). Dies umfasst die elektronische Speicherung der Daten. NetFile-Solution sichert dem Kunden zu, dass dar\u00fcber hinaus&nbsp;keine&nbsp;personenbezogenen Daten an Dritte weitergeleitet werden.<\/span><\/p>\n\n\n\n<p><span style=\"color: #000000;\">(2)&nbsp;Einwilligungen auf Basis von Art. 6 Abs. 1 a) DSGVO, z.B. f\u00fcr den Versand eines Newslettters, k\u00f6nnen widerrufen werden.&nbsp;Durch den Widerruf der Einwilligung wird die&nbsp;Rechtm\u00e4\u00dfigkeit der aufgrund der Einwilligung bis zum Widerruf erfolgten Verarbeitung nicht ber\u00fchrt. Der Widerruf ist m\u00f6glich per E-Mail an den Anbieter oder&nbsp;an <strong>Datenschutz (at) NetFile-Solution Punkt eu<\/strong><\/span><br><span style=\"color: #000000;\">(3) NetFile-Solution beh\u00e4lt sich vor, zur Kreditpr\u00fcfung eine Auskunftei, die zum Zweck der Entscheidung&nbsp;\u00fcber die Begr\u00fcndung, Durchf\u00fchrung oder Beendigung des Vertragsverh\u00e4ltnisses&nbsp;Wahrscheinlichkeitswerte, in deren Berechnung unter anderem Anschrift Daten einflie\u00dfen l\u00e4sst, erhebt&nbsp;oder verwendet, zu beauftragen. Dieses Recht ergibt sich f\u00fcr den NetFile-Solution aus seinem berechtigten Interesse an der Sicherung seiner Eigentumsrechte welches mit dem Recht des Kunden abgewogen wurde und folgt damit aus Art. 6 Abs. 1 f) DSGVO.<\/span><br><span style=\"color: #000000;\">(4)&nbsp;Mit vollst\u00e4ndiger Abwicklung des Vertrages &nbsp;werden Ihre Daten f\u00fcr die weitere Verwendung gesperrt und nach Ablauf der steuer- und handelsrechtlichen Vorschriften&nbsp;gel\u00f6scht.<\/span><br><span style=\"color: #000000;\">(5) Der Kunde hat das Recht unter Vorlage&nbsp;eines g\u00fcltigen Ausweisdokumentes seine gespeicherten, personenbezogenen Daten einzusehen (unentgeltliche Auskunft) und&nbsp;ggf. diese, sofern kein aktiver Auftrag\/Vertrag besteht, l\u00f6schen zu lassen.&nbsp;Ohne vollst\u00e4ndige Erfassung der vertragsbezogenen, pers\u00f6nlichen Daten des Kunden kann kein&nbsp;g\u00fcltiger Auftrag\/Vertrag geschlossen werden. Die Bereitstellung der&nbsp;Daten ist daher erforderlich.&nbsp;&nbsp;Dar\u00fcber hinaus bestehen die gesetzlichen Rechte auf&nbsp;Berichtigung oder Sperrung von Daten.&nbsp;Auf die Rechte gem\u00e4\u00df Art. 12 &#8211; 23 DSGVO in Verbindung mit&nbsp;der Datenverarbeitung werden Sie hingewiesen.<\/span><br><span style=\"color: #000000;\">(6) Bei Fragen zur Erhebung, Verarbeitung oder Nutzung Ihrer personenbezogenen Daten, bei Ausk\u00fcnften, Berichtigung, Sperrung oder L\u00f6schung von Daten, wenden Sie&nbsp;sich bitte \u00fcber unsere eMail-Adresse an uns oder \u00fcbersenden Ihr Anliegen per Post an unsere in diesen AGB angegebene Adresse. Dar\u00fcber hinaus steht Ihnen ein&nbsp;Beschwerderechte bei der Aufsichtsbeh\u00f6rde gem\u00e4\u00df Art. 77 DGVO zu.<\/span><\/p>\n\n\n\n<p><strong>18<\/strong><strong>. SALVATORISCHE KLAUSEL<\/strong><br>Sollten einzelne Bestimmungen dieses Vertrages unwirksam oder undurchf\u00fchrbar sein oder nach Vertragsschluss unwirksam oder undurchf\u00fchrbar werden, bleibt davon die Wirksamkeit des Vertrages im \u00dcbrigen unber\u00fchrt. An die Stelle der unwirksamen oder undurchf\u00fchrbaren Bestimmung soll diejenige wirksame und durchf\u00fchrbare Regelung treten, deren Wirkungen der wirtschaftlichen Zielsetzung am n\u00e4chsten kommen, die die Vertragsparteien mit der unwirksamen bzw. undurchf\u00fchrbaren Bestimmung verfolgt haben. Die vorstehenden Bestimmungen gelten entsprechend f\u00fcr den Fall, dass sich der Vertrag als l\u00fcckenhaft erweist.<\/p>\n\n\n\n<p>Es gilt das Recht der Bundesrepublik Deutschland.<\/p>\n\n\n\n<p>Letzte Aktualisierung: 01. Januar 2019<\/p>\n<div class=\"shariff shariff-align-center shariff-widget-align-center\"><div class=\"ShariffHeadline\">Teilen Sie diesen Beitrag (Shariff sch\u00fctzt Ihre Privatsph\u00e4re in sinne der DSVGO):<\/div><ul class=\"shariff-buttons theme-round orientation-horizontal buttonsize-medium\"><li class=\"shariff-button mastodon shariff-nocustomcolor\" style=\"background-color:#563ACC\"><a href=\"https:\/\/s2f.kytta.dev\/?text=Allgemeine%20Gesch%C3%A4ftsbedingungen%20von%20NetFile-Solution https%3A%2F%2Fnetfile-solution.eu%2Fnetfile-solution-wp%2Fallgemeine-geschaeftsbedingungen-von-netfile-solution%2F\" title=\"Bei Mastodon teilen\" aria-label=\"Bei Mastodon teilen\" role=\"button\" rel=\"noopener nofollow\" class=\"shariff-link\" style=\"; background-color:#6364FF; color:#fff\" target=\"_blank\"><span class=\"shariff-icon\" style=\"\"><svg width=\"75\" height=\"79\" viewBox=\"0 0 75 79\" fill=\"none\" xmlns=\"http:\/\/www.w3.org\/2000\/svg\"><path d=\"M37.813-.025C32.462-.058 27.114.13 21.79.598c-8.544.621-17.214 5.58-20.203 13.931C-1.12 23.318.408 32.622.465 41.65c.375 7.316.943 14.78 3.392 21.73 4.365 9.465 14.781 14.537 24.782 15.385 7.64.698 15.761-.213 22.517-4.026a54.1 54.1 0 0 0 .01-6.232c-6.855 1.316-14.101 2.609-21.049 1.074-3.883-.88-6.876-4.237-7.25-8.215-1.53-3.988 3.78-.43 5.584-.883 9.048 1.224 18.282.776 27.303-.462 7.044-.837 14.26-4.788 16.65-11.833 2.263-6.135 1.215-12.79 1.698-19.177.06-3.84.09-7.692-.262-11.52C72.596 7.844 63.223.981 53.834.684a219.453 219.453 0 0 0-16.022-.71zm11.294 12.882c5.5-.067 10.801 4.143 11.67 9.653.338 1.48.471 3 .471 4.515v21.088h-8.357c-.07-7.588.153-15.182-.131-22.765-.587-4.368-7.04-5.747-9.672-2.397-2.422 3.04-1.47 7.155-1.67 10.735v6.392h-8.307c-.146-4.996.359-10.045-.404-15.002-1.108-4.218-7.809-5.565-10.094-1.666-1.685 3.046-.712 6.634-.976 9.936v14.767h-8.354c.109-8.165-.238-16.344.215-24.5.674-5.346 5.095-10.389 10.676-10.627 4.902-.739 10.103 2.038 12.053 6.631.375 1.435 1.76 1.932 1.994.084 1.844-3.704 5.501-6.739 9.785-6.771.367-.044.735-.068 1.101-.073z\"\/><defs><linearGradient id=\"paint0_linear_549_34\" x1=\"37.0692\" y1=\"0\" x2=\"37.0692\" y2=\"79\" gradientUnits=\"userSpaceOnUse\"><stop stop-color=\"#6364FF\"\/><stop offset=\"1\" stop-color=\"#563ACC\"\/><\/linearGradient><\/defs><\/svg><\/span><\/a><\/li><li class=\"shariff-button facebook shariff-nocustomcolor\" style=\"background-color:#4273c8\"><a href=\"https:\/\/www.facebook.com\/sharer\/sharer.php?u=https%3A%2F%2Fnetfile-solution.eu%2Fnetfile-solution-wp%2Fallgemeine-geschaeftsbedingungen-von-netfile-solution%2F\" title=\"Bei Facebook teilen\" aria-label=\"Bei Facebook teilen\" role=\"button\" rel=\"nofollow\" class=\"shariff-link\" style=\"; background-color:#3b5998; color:#fff\" target=\"_blank\"><span class=\"shariff-icon\" style=\"\"><svg width=\"32px\" height=\"20px\" xmlns=\"http:\/\/www.w3.org\/2000\/svg\" viewBox=\"0 0 18 32\"><path fill=\"#3b5998\" d=\"M17.1 0.2v4.7h-2.8q-1.5 0-2.1 0.6t-0.5 1.9v3.4h5.2l-0.7 5.3h-4.5v13.6h-5.5v-13.6h-4.5v-5.3h4.5v-3.9q0-3.3 1.9-5.2t5-1.8q2.6 0 4.1 0.2z\"\/><\/svg><\/span><\/a><\/li><li class=\"shariff-button linkedin shariff-nocustomcolor\" style=\"background-color:#1488bf\"><a href=\"https:\/\/www.linkedin.com\/sharing\/share-offsite\/?url=https%3A%2F%2Fnetfile-solution.eu%2Fnetfile-solution-wp%2Fallgemeine-geschaeftsbedingungen-von-netfile-solution%2F\" title=\"Bei LinkedIn teilen\" aria-label=\"Bei LinkedIn teilen\" role=\"button\" rel=\"noopener nofollow\" class=\"shariff-link\" style=\"; background-color:#0077b5; color:#fff\" target=\"_blank\"><span class=\"shariff-icon\" style=\"\"><svg width=\"32px\" height=\"20px\" xmlns=\"http:\/\/www.w3.org\/2000\/svg\" viewBox=\"0 0 27 32\"><path fill=\"#0077b5\" d=\"M6.2 11.2v17.7h-5.9v-17.7h5.9zM6.6 5.7q0 1.3-0.9 2.2t-2.4 0.9h0q-1.5 0-2.4-0.9t-0.9-2.2 0.9-2.2 2.4-0.9 2.4 0.9 0.9 2.2zM27.4 18.7v10.1h-5.9v-9.5q0-1.9-0.7-2.9t-2.3-1.1q-1.1 0-1.9 0.6t-1.2 1.5q-0.2 0.5-0.2 1.4v9.9h-5.9q0-7.1 0-11.6t0-5.3l0-0.9h5.9v2.6h0q0.4-0.6 0.7-1t1-0.9 1.6-0.8 2-0.3q3 0 4.9 2t1.9 6z\"\/><\/svg><\/span><\/a><\/li><li class=\"shariff-button info shariff-nocustomcolor\" style=\"background-color:#eee\"><a href=\"http:\/\/ct.de\/-2467514\" title=\"Weitere Informationen\" aria-label=\"Weitere Informationen\" role=\"button\" rel=\"noopener \" class=\"shariff-link\" style=\"; background-color:#fff; color:#fff\" target=\"_blank\"><span class=\"shariff-icon\" style=\"\"><svg width=\"32px\" height=\"20px\" xmlns=\"http:\/\/www.w3.org\/2000\/svg\" viewBox=\"0 0 11 32\"><path fill=\"#999\" d=\"M11.4 24v2.3q0 0.5-0.3 0.8t-0.8 0.4h-9.1q-0.5 0-0.8-0.4t-0.4-0.8v-2.3q0-0.5 0.4-0.8t0.8-0.4h1.1v-6.8h-1.1q-0.5 0-0.8-0.4t-0.4-0.8v-2.3q0-0.5 0.4-0.8t0.8-0.4h6.8q0.5 0 0.8 0.4t0.4 0.8v10.3h1.1q0.5 0 0.8 0.4t0.3 0.8zM9.2 3.4v3.4q0 0.5-0.4 0.8t-0.8 0.4h-4.6q-0.4 0-0.8-0.4t-0.4-0.8v-3.4q0-0.4 0.4-0.8t0.8-0.4h4.6q0.5 0 0.8 0.4t0.4 0.8z\"\/><\/svg><\/span><\/a><\/li><\/ul><\/div>","protected":false},"excerpt":{"rendered":"<p>1. Allgemeines Allen Lieferungen und Leistungen liegen diese allgemeinen Liefer- und Zahlungsbedingungen zugrunde. Sie gelten auch f\u00fcr alle k\u00fcnftigen Gesch\u00e4ftsbeziehungen, selbst wenn sie nicht nochmals ausdr\u00fccklich vereinbart werden. Bei abweichenden oder erg\u00e4nzenden Vereinbarungen ist eine ausdr\u00fcckliche schriftliche Zustimmung von NetFile-Solution erforderlich. Allgemeine Gesch\u00e4ftsbedingungen des Kunden werden ausdr\u00fccklich nicht Vertragsinhalt, auch wenn ihnen seitens NetFile-Solution nicht &hellip; <\/p>\n<p class=\"link-more\"><a href=\"https:\/\/netfile-solution.eu\/netfile-solution-wp\/allgemeine-geschaeftsbedingungen-von-netfile-solution\/\" class=\"more-link\"><span class=\"screen-reader-text\">\u201eAllgemeine Gesch\u00e4ftsbedingungen von NetFile-Solution\u201c <\/span>weiterlesen<\/a><\/p>\n","protected":false},"author":1,"featured_media":0,"parent":0,"menu_order":0,"comment_status":"closed","ping_status":"closed","template":"","meta":{"iawp_total_views":8,"footnotes":""},"class_list":["post-154","page","type-page","status-publish","hentry"],"_links":{"self":[{"href":"https:\/\/netfile-solution.eu\/netfile-solution-wp\/wp-json\/wp\/v2\/pages\/154","targetHints":{"allow":["GET"]}}],"collection":[{"href":"https:\/\/netfile-solution.eu\/netfile-solution-wp\/wp-json\/wp\/v2\/pages"}],"about":[{"href":"https:\/\/netfile-solution.eu\/netfile-solution-wp\/wp-json\/wp\/v2\/types\/page"}],"author":[{"embeddable":true,"href":"https:\/\/netfile-solution.eu\/netfile-solution-wp\/wp-json\/wp\/v2\/users\/1"}],"replies":[{"embeddable":true,"href":"https:\/\/netfile-solution.eu\/netfile-solution-wp\/wp-json\/wp\/v2\/comments?post=154"}],"version-history":[{"count":27,"href":"https:\/\/netfile-solution.eu\/netfile-solution-wp\/wp-json\/wp\/v2\/pages\/154\/revisions"}],"predecessor-version":[{"id":1168,"href":"https:\/\/netfile-solution.eu\/netfile-solution-wp\/wp-json\/wp\/v2\/pages\/154\/revisions\/1168"}],"wp:attachment":[{"href":"https:\/\/netfile-solution.eu\/netfile-solution-wp\/wp-json\/wp\/v2\/media?parent=154"}],"curies":[{"name":"wp","href":"https:\/\/api.w.org\/{rel}","templated":true}]}}