{"id":133,"date":"2018-05-30T12:20:14","date_gmt":"2018-05-30T10:20:14","guid":{"rendered":"https:\/\/netfile-solution.eu:444\/netfile-solution-wp\/?page_id=133"},"modified":"2021-09-18T13:11:13","modified_gmt":"2021-09-18T11:11:13","slug":"die-intelligente-backuploesung","status":"publish","type":"page","link":"https:\/\/netfile-solution.eu\/netfile-solution-wp\/die-intelligente-backuploesung\/","title":{"rendered":"Die intelligente Backupl\u00f6sung"},"content":{"rendered":"<h1>&#8230;Sie finden auch &#8222;Geiz ist Geil&#8220;?<\/h1>\n<p>Wir finden das nicht! Denn gerade bei der Sicherung Ihrer Existenz sichernden Datenbest\u00e4nde kann das Sparen fatale Folgen haben: \u00dcber 95 % der heutigen Abrechnungen, Buchhaltungen und Korrespondenzen werden \u00fcber den Computer abgewickelt. Welchen st\u00e4ndigen Gefahren Ihre Datenbest\u00e4nde t\u00e4glich ausgesetzt werden, erfahren Sie oben in unserem Link: <a href=\"https:\/\/netfile-solution.eu:444\/netfile-solution-wp\/die-gefahren-fuer-ihre-daten\/\">Die Gefahren&#8230;.<\/a> In Deutschland werden j\u00e4hrlich tausende Unternehmen durch Datenverlust handlungsunf\u00e4hig.<\/p>\n<p>Nach unseren Erfahrungen gibt es drei verschiedene Arten von Backupusern:<\/p>\n<p><strong>Der Optimist:<\/strong> Hierzu geh\u00f6rt meist der klassische Privatuser, aber auch Freiberufler und kleine Gewerbetriebe. Hier wird in der Regel nie eine Sicherung durchgef\u00fchrt oder aber sporadisch auf einer externen Festplatte, Diskette oder CD\/DVD-Rom. Somit ist der Backup-Datenbestand meist nie auf dem aktuellsten Stand. Hinzu kommt, dass die Backupmedien meist noch im selben Raum aufbewahrt werden,\u00a0in welchem\u00a0sich auch der Computer befindet.<\/p>\n<p><strong>Der Wissende:<\/strong> Hierzu geh\u00f6ren die User, denen die Gefahren bewusst sind. Fast alle User besitzen eine Sicherungsstrategie und sichern manuell regelm\u00e4\u00dfig Ihre Datenbest\u00e4nde auf eine externe-Festplatte usw. Die Gefahren sind ihnen bewusst. Trotzdem sind diese Verfahren kein 100%-iger Schutz vor Feuer, Wasser und Diebstahl. Ebenfalls sind diese Verfahren zeitaufwendig und das menschliche Versagen ist bei diesen Sicherungsmethoden die gr\u00f6\u00dfte Fehlerquelle.<\/p>\n<p><strong>Der Profi:<\/strong> Sichert, wie der Wissende, seine Daten t\u00e4glich und sorgsam. Hinzu kommen Fehler\u00fcberpr\u00fcfungen der Sicherungen usw. Jedoch ist der Profi immer auf der Suche nach dem Optimum zwischen Zeitaufwand und Kostenfaktor.<\/p>\n<p><strong>Zu welcher Gruppe Sie geh\u00f6ren, wissen Sie wahrscheinlich am besten!<\/strong><\/p>\n<p>Genau aus den oben genannten Gr\u00fcnden ist unsere Sicherungsstrategie f\u00fcr alle drei Gruppen geeignet. Sie ist fast zeitunabh\u00e4ngig und kosteng\u00fcnstiger als alle andere Sicherungsstrategien. Menschliches Versagen wird auf ein Minimum reduziert, Dank unseres vollautomatischen Backupverfahrens.<\/p>\n<p>Unsere Kombination aus Software, Cloud\/SFTP-Remote, Replikation und redundantes-Backup sch\u00fctzt Ihre Datenbest\u00e4nde nicht nur vor Datenverlust bei Ihnen vor Ort, sondern auch vor Feuer, Wasser, Diebstahl und Naturkatastrophen. Einen kompetenten Service von telefonisch bis vor Ort erhalten Sie ebenfalls.<\/p>\n<p><strong>Was sagt der Gesetzgeber zum Thema Sicherung?<\/strong><\/p>\n<p>\u00a7146 und 147 Agabenordnung (AO): Zur Beschleunigung von Buchpr\u00fcfungen sind am 01.01.2002 neue Gesetze in Kraft getreten, die jedes Unternehmen zur elektronischen Archivierung seiner Daten und deren jederzeitigen Verf\u00fcgbarkeit verpflichtet.<\/p>\n<p>Dadurch wird ein effizientes Datensicherungssystem unverzichtbar<\/p>\n<p>Lernen auch Sie unser vollautomatisches Cloud\/SFTP-Remote Backupverfahren kennen. Wir beraten Sie gerne kostenlos!<\/p>\n\n\n<p><\/p>\n<div class=\"shariff shariff-align-center shariff-widget-align-center\"><div class=\"ShariffHeadline\">Teilen Sie diesen Beitrag (Shariff sch\u00fctzt Ihre Privatsph\u00e4re in sinne der DSVGO):<\/div><ul class=\"shariff-buttons theme-round orientation-horizontal buttonsize-medium\"><li class=\"shariff-button mastodon shariff-nocustomcolor\" style=\"background-color:#563ACC\"><a href=\"https:\/\/s2f.kytta.dev\/?text=Die%20intelligente%20Backupl%C3%B6sung https%3A%2F%2Fnetfile-solution.eu%2Fnetfile-solution-wp%2Fdie-intelligente-backuploesung%2F\" title=\"Bei Mastodon teilen\" aria-label=\"Bei Mastodon teilen\" role=\"button\" rel=\"noopener nofollow\" class=\"shariff-link\" style=\"; background-color:#6364FF; color:#fff\" target=\"_blank\"><span class=\"shariff-icon\" style=\"\"><svg width=\"75\" height=\"79\" viewBox=\"0 0 75 79\" fill=\"none\" xmlns=\"http:\/\/www.w3.org\/2000\/svg\"><path d=\"M37.813-.025C32.462-.058 27.114.13 21.79.598c-8.544.621-17.214 5.58-20.203 13.931C-1.12 23.318.408 32.622.465 41.65c.375 7.316.943 14.78 3.392 21.73 4.365 9.465 14.781 14.537 24.782 15.385 7.64.698 15.761-.213 22.517-4.026a54.1 54.1 0 0 0 .01-6.232c-6.855 1.316-14.101 2.609-21.049 1.074-3.883-.88-6.876-4.237-7.25-8.215-1.53-3.988 3.78-.43 5.584-.883 9.048 1.224 18.282.776 27.303-.462 7.044-.837 14.26-4.788 16.65-11.833 2.263-6.135 1.215-12.79 1.698-19.177.06-3.84.09-7.692-.262-11.52C72.596 7.844 63.223.981 53.834.684a219.453 219.453 0 0 0-16.022-.71zm11.294 12.882c5.5-.067 10.801 4.143 11.67 9.653.338 1.48.471 3 .471 4.515v21.088h-8.357c-.07-7.588.153-15.182-.131-22.765-.587-4.368-7.04-5.747-9.672-2.397-2.422 3.04-1.47 7.155-1.67 10.735v6.392h-8.307c-.146-4.996.359-10.045-.404-15.002-1.108-4.218-7.809-5.565-10.094-1.666-1.685 3.046-.712 6.634-.976 9.936v14.767h-8.354c.109-8.165-.238-16.344.215-24.5.674-5.346 5.095-10.389 10.676-10.627 4.902-.739 10.103 2.038 12.053 6.631.375 1.435 1.76 1.932 1.994.084 1.844-3.704 5.501-6.739 9.785-6.771.367-.044.735-.068 1.101-.073z\"\/><defs><linearGradient id=\"paint0_linear_549_34\" x1=\"37.0692\" y1=\"0\" x2=\"37.0692\" y2=\"79\" gradientUnits=\"userSpaceOnUse\"><stop stop-color=\"#6364FF\"\/><stop offset=\"1\" stop-color=\"#563ACC\"\/><\/linearGradient><\/defs><\/svg><\/span><\/a><\/li><li class=\"shariff-button facebook shariff-nocustomcolor\" style=\"background-color:#4273c8\"><a href=\"https:\/\/www.facebook.com\/sharer\/sharer.php?u=https%3A%2F%2Fnetfile-solution.eu%2Fnetfile-solution-wp%2Fdie-intelligente-backuploesung%2F\" title=\"Bei Facebook teilen\" aria-label=\"Bei Facebook teilen\" role=\"button\" rel=\"nofollow\" class=\"shariff-link\" style=\"; background-color:#3b5998; color:#fff\" target=\"_blank\"><span class=\"shariff-icon\" style=\"\"><svg width=\"32px\" height=\"20px\" xmlns=\"http:\/\/www.w3.org\/2000\/svg\" viewBox=\"0 0 18 32\"><path fill=\"#3b5998\" d=\"M17.1 0.2v4.7h-2.8q-1.5 0-2.1 0.6t-0.5 1.9v3.4h5.2l-0.7 5.3h-4.5v13.6h-5.5v-13.6h-4.5v-5.3h4.5v-3.9q0-3.3 1.9-5.2t5-1.8q2.6 0 4.1 0.2z\"\/><\/svg><\/span><\/a><\/li><li class=\"shariff-button linkedin shariff-nocustomcolor\" style=\"background-color:#1488bf\"><a href=\"https:\/\/www.linkedin.com\/sharing\/share-offsite\/?url=https%3A%2F%2Fnetfile-solution.eu%2Fnetfile-solution-wp%2Fdie-intelligente-backuploesung%2F\" title=\"Bei LinkedIn teilen\" aria-label=\"Bei LinkedIn teilen\" role=\"button\" rel=\"noopener nofollow\" class=\"shariff-link\" style=\"; background-color:#0077b5; color:#fff\" target=\"_blank\"><span class=\"shariff-icon\" style=\"\"><svg width=\"32px\" height=\"20px\" xmlns=\"http:\/\/www.w3.org\/2000\/svg\" viewBox=\"0 0 27 32\"><path fill=\"#0077b5\" d=\"M6.2 11.2v17.7h-5.9v-17.7h5.9zM6.6 5.7q0 1.3-0.9 2.2t-2.4 0.9h0q-1.5 0-2.4-0.9t-0.9-2.2 0.9-2.2 2.4-0.9 2.4 0.9 0.9 2.2zM27.4 18.7v10.1h-5.9v-9.5q0-1.9-0.7-2.9t-2.3-1.1q-1.1 0-1.9 0.6t-1.2 1.5q-0.2 0.5-0.2 1.4v9.9h-5.9q0-7.1 0-11.6t0-5.3l0-0.9h5.9v2.6h0q0.4-0.6 0.7-1t1-0.9 1.6-0.8 2-0.3q3 0 4.9 2t1.9 6z\"\/><\/svg><\/span><\/a><\/li><li class=\"shariff-button info shariff-nocustomcolor\" style=\"background-color:#eee\"><a href=\"http:\/\/ct.de\/-2467514\" title=\"Weitere Informationen\" aria-label=\"Weitere Informationen\" role=\"button\" rel=\"noopener \" class=\"shariff-link\" style=\"; background-color:#fff; color:#fff\" target=\"_blank\"><span class=\"shariff-icon\" style=\"\"><svg width=\"32px\" height=\"20px\" xmlns=\"http:\/\/www.w3.org\/2000\/svg\" viewBox=\"0 0 11 32\"><path fill=\"#999\" d=\"M11.4 24v2.3q0 0.5-0.3 0.8t-0.8 0.4h-9.1q-0.5 0-0.8-0.4t-0.4-0.8v-2.3q0-0.5 0.4-0.8t0.8-0.4h1.1v-6.8h-1.1q-0.5 0-0.8-0.4t-0.4-0.8v-2.3q0-0.5 0.4-0.8t0.8-0.4h6.8q0.5 0 0.8 0.4t0.4 0.8v10.3h1.1q0.5 0 0.8 0.4t0.3 0.8zM9.2 3.4v3.4q0 0.5-0.4 0.8t-0.8 0.4h-4.6q-0.4 0-0.8-0.4t-0.4-0.8v-3.4q0-0.4 0.4-0.8t0.8-0.4h4.6q0.5 0 0.8 0.4t0.4 0.8z\"\/><\/svg><\/span><\/a><\/li><\/ul><\/div>","protected":false},"excerpt":{"rendered":"<p>&#8230;Sie finden auch &#8222;Geiz ist Geil&#8220;? Wir finden das nicht! Denn gerade bei der Sicherung Ihrer Existenz sichernden Datenbest\u00e4nde kann das Sparen fatale Folgen haben: \u00dcber 95 % der heutigen Abrechnungen, Buchhaltungen und Korrespondenzen werden \u00fcber den Computer abgewickelt. Welchen st\u00e4ndigen Gefahren Ihre Datenbest\u00e4nde t\u00e4glich ausgesetzt werden, erfahren Sie oben in unserem Link: Die Gefahren&#8230;. &hellip; <\/p>\n<p class=\"link-more\"><a href=\"https:\/\/netfile-solution.eu\/netfile-solution-wp\/die-intelligente-backuploesung\/\" class=\"more-link\"><span class=\"screen-reader-text\">\u201eDie intelligente Backupl\u00f6sung\u201c <\/span>weiterlesen<\/a><\/p>\n","protected":false},"author":1,"featured_media":0,"parent":0,"menu_order":0,"comment_status":"closed","ping_status":"closed","template":"","meta":{"iawp_total_views":5,"footnotes":""},"class_list":["post-133","page","type-page","status-publish","hentry"],"_links":{"self":[{"href":"https:\/\/netfile-solution.eu\/netfile-solution-wp\/wp-json\/wp\/v2\/pages\/133","targetHints":{"allow":["GET"]}}],"collection":[{"href":"https:\/\/netfile-solution.eu\/netfile-solution-wp\/wp-json\/wp\/v2\/pages"}],"about":[{"href":"https:\/\/netfile-solution.eu\/netfile-solution-wp\/wp-json\/wp\/v2\/types\/page"}],"author":[{"embeddable":true,"href":"https:\/\/netfile-solution.eu\/netfile-solution-wp\/wp-json\/wp\/v2\/users\/1"}],"replies":[{"embeddable":true,"href":"https:\/\/netfile-solution.eu\/netfile-solution-wp\/wp-json\/wp\/v2\/comments?post=133"}],"version-history":[{"count":5,"href":"https:\/\/netfile-solution.eu\/netfile-solution-wp\/wp-json\/wp\/v2\/pages\/133\/revisions"}],"predecessor-version":[{"id":782,"href":"https:\/\/netfile-solution.eu\/netfile-solution-wp\/wp-json\/wp\/v2\/pages\/133\/revisions\/782"}],"wp:attachment":[{"href":"https:\/\/netfile-solution.eu\/netfile-solution-wp\/wp-json\/wp\/v2\/media?parent=133"}],"curies":[{"name":"wp","href":"https:\/\/api.w.org\/{rel}","templated":true}]}}